{"id":809,"date":"2016-03-08T14:11:40","date_gmt":"2016-03-08T14:11:40","guid":{"rendered":"http:\/\/ambientsystem.eu\/pl\/?page_id=809"},"modified":"2024-11-06T11:22:06","modified_gmt":"2024-11-06T11:22:06","slug":"budynki-biurowe","status":"publish","type":"page","link":"https:\/\/panel.ambientsystem.eu\/pl\/budynki-biurowe\/","title":{"rendered":"BUDYNKI BIUROWE"},"content":{"rendered":"<div id='full_slider_1'  class='avia-fullwidth-slider main_color avia-shadow   avia-builder-el-0  el_before_av_section  avia-builder-el-first   container_wrap fullsize'  >\n<style type=\"text\/css\" data-created_by=\"avia_inline_auto\" id=\"style-css-av-1yxmep-49ad73847bdb42dcea4971b1809e763d\">\n#top #wrap_all .avia-slideshow .av-slideshow-caption.av-1yxmep-49ad73847bdb42dcea4971b1809e763d__0 .avia-caption-title{\nfont-size:70px;\n}\n<\/style>\n<div  class='avia-slideshow av-1yxmep-49ad73847bdb42dcea4971b1809e763d avia-slideshow-featured_large av_slideshow_full avia-slide-slider av-slideshow-ui av-control-default av-slideshow-manual av-loop-once av-loop-manual-endless av-default-height-applied   avia-slideshow-1' data-slideshow-options=\"{&quot;animation&quot;:&quot;slide&quot;,&quot;autoplay&quot;:false,&quot;loop_autoplay&quot;:&quot;once&quot;,&quot;interval&quot;:5,&quot;loop_manual&quot;:&quot;manual-endless&quot;,&quot;autoplay_stopper&quot;:false,&quot;noNavigation&quot;:false,&quot;bg_slider&quot;:false,&quot;keep_padding&quot;:false,&quot;hoverpause&quot;:false,&quot;show_slide_delay&quot;:0}\"  itemprop=\"image\" itemscope=\"itemscope\" itemtype=\"https:\/\/schema.org\/ImageObject\" ><ul class='avia-slideshow-inner ' style='padding-bottom: 42%;'><li  class='avia-slideshow-slide av-1yxmep-49ad73847bdb42dcea4971b1809e763d__0  av-single-slide slide-1 slide-odd'><div data-rel='slideshow-1' class='avia-slide-wrap '   ><div class='av-slideshow-caption av-1yxmep-49ad73847bdb42dcea4971b1809e763d__0 caption_fullwidth caption_center caption_center_framed caption_framed'><div class=\"container caption_container\"><div class=\"slideshow_caption\"><div class=\"slideshow_inner_caption\"><div class=\"slideshow_align_caption\"><h2 class='avia-caption-title '  itemprop=\"name\" >BUDYNKI BIUROWE<\/h2><div class='avia-caption-content '  itemprop=\"description\" ><p>ROZWI\u0104ZANIA DLA WYSOKICH I WYSOKO\u015aCIOWYCH BUDYNK\u00d3W BIUROWYCH<\/p>\n<\/div><\/div><\/div><\/div><\/div><\/div><img decoding=\"async\" class=\"wp-image-39674 avia-img-lazy-loading-not-39674\"  src=\"https:\/\/panel.ambientsystem.eu\/wp-content\/uploads\/2023\/07\/Olivia-Star_small-1500x630.jpg\" width=\"1500\" height=\"630\" title='OLYMPUS DIGITAL CAMERA' alt=''  itemprop=\"thumbnailUrl\"   \/><\/div><\/li><\/ul><\/div><\/div>\n<div id='airports'  class='avia-section av-1ix63d-e17e1dfd2a43c32ce54a0d5496766332 main_color avia-section-default avia-no-shadow  avia-builder-el-1  el_after_av_slideshow_full  avia-builder-el-last  avia-bg-style-scroll container_wrap fullsize'  ><div class='container av-section-cont-open' ><div class='template-page content  av-content-full alpha units'><div class='post-entry post-entry-type-page post-entry-809'><div class='entry-content-wrapper clearfix'>\n\n<style type=\"text\/css\" data-created_by=\"avia_inline_auto\" id=\"style-css-av-ljy5ja93-239202a07eb630c623ce58411bed2741\">\n#top .hr.hr-invisible.av-ljy5ja93-239202a07eb630c623ce58411bed2741{\nheight:50px;\n}\n<\/style>\n<div  class='hr av-ljy5ja93-239202a07eb630c623ce58411bed2741 hr-invisible  avia-builder-el-2  el_before_av_one_half  avia-builder-el-first '><span class='hr-inner '><span class=\"hr-inner-style\"><\/span><\/span><\/div>\n\n<style type=\"text\/css\" data-created_by=\"avia_inline_auto\" id=\"style-css-av-1gcgwh-c7001c14ed9c067bd866162d393643e6\">\n.flex_column.av-1gcgwh-c7001c14ed9c067bd866162d393643e6{\n-webkit-border-radius:0px 0px 0px 0px;\n-moz-border-radius:0px 0px 0px 0px;\nborder-radius:0px 0px 0px 0px;\npadding:0px 0px 0px 0px;\n}\n<\/style>\n<div class='flex_column av-1gcgwh-c7001c14ed9c067bd866162d393643e6 av_one_half  avia-builder-el-3  el_after_av_hr  el_before_av_one_half  first flex_column_div av-zero-column-padding '     ><p>\n<style type=\"text\/css\" data-created_by=\"avia_inline_auto\" id=\"style-css-av-18edip-672b98cb2b4b22831e1a4e6cef54dcef\">\n#top .av-special-heading.av-18edip-672b98cb2b4b22831e1a4e6cef54dcef{\npadding-bottom:10px;\n}\nbody .av-special-heading.av-18edip-672b98cb2b4b22831e1a4e6cef54dcef .av-special-heading-tag .heading-char{\nfont-size:25px;\n}\n.av-special-heading.av-18edip-672b98cb2b4b22831e1a4e6cef54dcef .av-subheading{\nfont-size:15px;\n}\n<\/style>\n<div  class='av-special-heading av-18edip-672b98cb2b4b22831e1a4e6cef54dcef av-special-heading-h2 blockquote modern-quote  avia-builder-el-4  el_before_av_hr  avia-builder-el-first '><h2 class='av-special-heading-tag'  itemprop=\"headline\"  >ROZWI\u0104ZANIA DLA WYSOKICH I WYSOKO\u015aCIOWYCH BUDYNK\u00d3W BIUROWYCH<\/h2><div class=\"special-heading-border\"><div class=\"special-heading-inner-border\"><\/div><\/div><\/div><br \/>\n<div  class='hr av-14ira9-28cfc37200b640dc27fc879f228d06a5 hr-default  avia-builder-el-5  el_after_av_heading  el_before_av_image '><span class='hr-inner '><span class=\"hr-inner-style\"><\/span><\/span><\/div><br \/>\n\n<style type=\"text\/css\" data-created_by=\"avia_inline_auto\" id=\"style-css-av-z6jj5-995a3590225d9d85ce2a14a7cce62183\">\n.avia-image-container.av-z6jj5-995a3590225d9d85ce2a14a7cce62183 img.avia_image{\nbox-shadow:none;\n}\n.avia-image-container.av-z6jj5-995a3590225d9d85ce2a14a7cce62183 .av-image-caption-overlay-center{\ncolor:#ffffff;\n}\n<\/style>\n<div  class='avia-image-container av-z6jj5-995a3590225d9d85ce2a14a7cce62183 av-styling- avia_animated_image av-animated-when-visible-95 pop-up avia-align-left  avia-builder-el-6  el_after_av_hr  avia-builder-el-last '   itemprop=\"image\" itemscope=\"itemscope\" itemtype=\"https:\/\/schema.org\/ImageObject\" ><div class=\"avia-image-container-inner\"><div class=\"avia-image-overlay-wrap\"><img decoding=\"async\" class='wp-image-36962 avia-img-lazy-loading-not-36962 avia_image ' src=\"https:\/\/panel.ambientsystem.eu\/wp-content\/uploads\/2023\/02\/smartVES_logo-4.svg\" alt='' title='smartVES_logo'  height=\"84\" width=\"300\"  itemprop=\"thumbnailUrl\"  \/><\/div><\/div><\/div><\/p><\/div>\n<style type=\"text\/css\" data-created_by=\"avia_inline_auto\" id=\"style-css-av-snae9-74101a5a6aeb98578f5f43b8e5632959\">\n.flex_column.av-snae9-74101a5a6aeb98578f5f43b8e5632959{\n-webkit-border-radius:0px 0px 0px 0px;\n-moz-border-radius:0px 0px 0px 0px;\nborder-radius:0px 0px 0px 0px;\npadding:0px 0px 0px 0px;\n}\n<\/style>\n<div class='flex_column av-snae9-74101a5a6aeb98578f5f43b8e5632959 av_one_half  avia-builder-el-7  el_after_av_one_half  el_before_av_hr  flex_column_div av-zero-column-padding '     ><section  class='av_textblock_section av-lw6up-3e4d4709d600b04b242f6fd1078277d1'  itemscope=\"itemscope\" itemtype=\"https:\/\/schema.org\/CreativeWork\" ><div class='avia_textblock'  itemprop=\"text\" ><p>G\u0142\u00f3wnym zadaniem D\u017awi\u0119kowego Systemu Ostrzegawczego jest realizacja zasadniczych funkcji ewakuacji i informowania os\u00f3b przebywaj\u0105cych w obiekcie o zagro\u017ceniu, w spos\u00f3b automatyczny po otrzymaniu sygna\u0142\u00f3w z systemu sygnalizacji po\u017carowej (SSP) lub w spos\u00f3b r\u0119czny przy u\u017cyciu mikrofon stra\u017caka. D\u017awi\u0119kowy system ostrzegawczy obejmuje swoim zakresem ca\u0142y obiekt, tj. wszystkie pomieszczenia, w kt\u00f3rych przewiduje si\u0119 przebywanie os\u00f3b.<\/p>\n<p>Nale\u017cy jednak zwr\u00f3ci\u0107 uwag\u0119, \u017ce system DSO <a href=\"https:\/\/panel.ambientsystem.eu\/pl\/smartves\">smartVES<\/a>, mo\u017ce by\u0107 z powodzeniem wykorzystywany do wykonywania funkcji niezwi\u0105zanych z ostrzeganiem o niebezpiecze\u0144stwie. W stanie normalnym centrala DSO umo\u017cliwia realizacj\u0119 fakultatywnych funkcji nag\u0142o\u015bnienia obiektu jak nadawanie t\u0142a muzycznego czy rozg\u0142aszanie komunikat\u00f3w informacyjnych za po\u015brednictwem np. mikrofonu strefowego lub innych pod\u0142\u0105czonych do systemu zewn\u0119trznych \u017ar\u00f3de\u0142 d\u017awi\u0119ku.<\/p>\n<p>W wysokich i wysoko\u015bciowych budynkach biurowych bardzo cz\u0119sto typowa kondygnacja stanowi niezale\u017cn\u0105 stref\u0119 po\u017carow\u0105. Stosuj\u0105c w systemie smartVES kart\u0119 kontroli 4 linii g\u0142o\u015bnikowych, umo\u017cliwiamy wydzielenie cz\u0119\u015bci og\u00f3lnodost\u0119pnej od strefy biurowej. Powy\u017csze daje mo\u017cliwo\u015b\u0107 nadawania t\u0142a muzycznego do wydzielonej cz\u0119\u015bci og\u00f3lnodost\u0119pnej na kondygnacji, jednocze\u015bnie eliminuj\u0105c potrzeb\u0119 stosowania 2 wzmacniaczy mocy. W momencie wykrycia po\u017caru, komunikaty o zagro\u017ceniu nadawane s\u0105 w ca\u0142ej strefie po\u017carowej.<\/p>\n<\/div><\/section><\/div>\n<style type=\"text\/css\" data-created_by=\"avia_inline_auto\" id=\"style-css-av-8kj3t-224a305ae1f1e814d005e105ff674819\">\n#top .hr.hr-invisible.av-8kj3t-224a305ae1f1e814d005e105ff674819{\nheight:50px;\n}\n<\/style>\n<div  class='hr av-8kj3t-224a305ae1f1e814d005e105ff674819 hr-invisible  avia-builder-el-9  el_after_av_one_half  avia-builder-el-last '><span class='hr-inner '><span class=\"hr-inner-style\"><\/span><\/span><\/div>\n\n","protected":false},"excerpt":{"rendered":"","protected":false},"author":420,"featured_media":0,"parent":0,"menu_order":0,"comment_status":"closed","ping_status":"closed","template":"","meta":{"content-type":"","om_disable_all_campaigns":false,"_uf_show_specific_survey":0,"_uf_disable_surveys":false,"footnotes":""},"class_list":["post-809","page","type-page","status-publish","hentry"],"yoast_head":"<!-- This site is optimized with the Yoast SEO plugin v27.0 - https:\/\/yoast.com\/product\/yoast-seo-wordpress\/ -->\n<title>BUDYNKI BIUROWE - Ambient System<\/title>\n<meta name=\"robots\" content=\"index, follow, max-snippet:-1, max-image-preview:large, max-video-preview:-1\" \/>\n<link rel=\"canonical\" href=\"https:\/\/panel.ambientsystem.eu\/pl\/budynki-biurowe\/\" \/>\n<meta property=\"og:locale\" content=\"pl_PL\" \/>\n<meta property=\"og:type\" content=\"article\" \/>\n<meta property=\"og:title\" content=\"BUDYNKI BIUROWE - Ambient System\" \/>\n<meta property=\"og:url\" content=\"https:\/\/panel.ambientsystem.eu\/pl\/budynki-biurowe\/\" \/>\n<meta property=\"og:site_name\" content=\"Ambient System\" \/>\n<meta property=\"article:modified_time\" content=\"2024-11-06T11:22:06+00:00\" \/>\n<meta name=\"twitter:card\" content=\"summary_large_image\" \/>\n<meta name=\"twitter:label1\" content=\"Szacowany czas czytania\" \/>\n\t<meta name=\"twitter:data1\" content=\"2 minuty\" \/>\n<script type=\"application\/ld+json\" class=\"yoast-schema-graph\">{\"@context\":\"https:\/\/schema.org\",\"@graph\":[{\"@type\":\"WebPage\",\"@id\":\"https:\/\/panel.ambientsystem.eu\/pl\/budynki-biurowe\/\",\"url\":\"https:\/\/panel.ambientsystem.eu\/pl\/budynki-biurowe\/\",\"name\":\"BUDYNKI BIUROWE - Ambient System\",\"isPartOf\":{\"@id\":\"https:\/\/panel.ambientsystem.eu\/pl\/#website\"},\"datePublished\":\"2016-03-08T14:11:40+00:00\",\"dateModified\":\"2024-11-06T11:22:06+00:00\",\"breadcrumb\":{\"@id\":\"https:\/\/panel.ambientsystem.eu\/pl\/budynki-biurowe\/#breadcrumb\"},\"inLanguage\":\"pl-PL\",\"potentialAction\":[{\"@type\":\"ReadAction\",\"target\":[\"https:\/\/panel.ambientsystem.eu\/pl\/budynki-biurowe\/\"]}]},{\"@type\":\"BreadcrumbList\",\"@id\":\"https:\/\/panel.ambientsystem.eu\/pl\/budynki-biurowe\/#breadcrumb\",\"itemListElement\":[{\"@type\":\"ListItem\",\"position\":1,\"name\":\"Strona g\u0142\u00f3wna\",\"item\":\"https:\/\/panel.ambientsystem.eu\/pl\/\"},{\"@type\":\"ListItem\",\"position\":2,\"name\":\"BUDYNKI BIUROWE\"}]},{\"@type\":\"WebSite\",\"@id\":\"https:\/\/panel.ambientsystem.eu\/pl\/#website\",\"url\":\"https:\/\/panel.ambientsystem.eu\/pl\/\",\"name\":\"Ambient System\",\"description\":\"Dostawca Zintegrowanego Systemu Komunikacyjnego\",\"potentialAction\":[{\"@type\":\"SearchAction\",\"target\":{\"@type\":\"EntryPoint\",\"urlTemplate\":\"https:\/\/panel.ambientsystem.eu\/pl\/?s={search_term_string}\"},\"query-input\":{\"@type\":\"PropertyValueSpecification\",\"valueRequired\":true,\"valueName\":\"search_term_string\"}}],\"inLanguage\":\"pl-PL\"}]}<\/script>\n<!-- \/ Yoast SEO plugin. -->","yoast_head_json":{"title":"BUDYNKI BIUROWE - Ambient System","robots":{"index":"index","follow":"follow","max-snippet":"max-snippet:-1","max-image-preview":"max-image-preview:large","max-video-preview":"max-video-preview:-1"},"canonical":"https:\/\/panel.ambientsystem.eu\/pl\/budynki-biurowe\/","og_locale":"pl_PL","og_type":"article","og_title":"BUDYNKI BIUROWE - Ambient System","og_url":"https:\/\/panel.ambientsystem.eu\/pl\/budynki-biurowe\/","og_site_name":"Ambient System","article_modified_time":"2024-11-06T11:22:06+00:00","twitter_card":"summary_large_image","twitter_misc":{"Szacowany czas czytania":"2 minuty"},"schema":{"@context":"https:\/\/schema.org","@graph":[{"@type":"WebPage","@id":"https:\/\/panel.ambientsystem.eu\/pl\/budynki-biurowe\/","url":"https:\/\/panel.ambientsystem.eu\/pl\/budynki-biurowe\/","name":"BUDYNKI BIUROWE - Ambient System","isPartOf":{"@id":"https:\/\/panel.ambientsystem.eu\/pl\/#website"},"datePublished":"2016-03-08T14:11:40+00:00","dateModified":"2024-11-06T11:22:06+00:00","breadcrumb":{"@id":"https:\/\/panel.ambientsystem.eu\/pl\/budynki-biurowe\/#breadcrumb"},"inLanguage":"pl-PL","potentialAction":[{"@type":"ReadAction","target":["https:\/\/panel.ambientsystem.eu\/pl\/budynki-biurowe\/"]}]},{"@type":"BreadcrumbList","@id":"https:\/\/panel.ambientsystem.eu\/pl\/budynki-biurowe\/#breadcrumb","itemListElement":[{"@type":"ListItem","position":1,"name":"Strona g\u0142\u00f3wna","item":"https:\/\/panel.ambientsystem.eu\/pl\/"},{"@type":"ListItem","position":2,"name":"BUDYNKI BIUROWE"}]},{"@type":"WebSite","@id":"https:\/\/panel.ambientsystem.eu\/pl\/#website","url":"https:\/\/panel.ambientsystem.eu\/pl\/","name":"Ambient System","description":"Dostawca Zintegrowanego Systemu Komunikacyjnego","potentialAction":[{"@type":"SearchAction","target":{"@type":"EntryPoint","urlTemplate":"https:\/\/panel.ambientsystem.eu\/pl\/?s={search_term_string}"},"query-input":{"@type":"PropertyValueSpecification","valueRequired":true,"valueName":"search_term_string"}}],"inLanguage":"pl-PL"}]}},"_links":{"self":[{"href":"https:\/\/panel.ambientsystem.eu\/pl\/wp-json\/wp\/v2\/pages\/809","targetHints":{"allow":["GET"]}}],"collection":[{"href":"https:\/\/panel.ambientsystem.eu\/pl\/wp-json\/wp\/v2\/pages"}],"about":[{"href":"https:\/\/panel.ambientsystem.eu\/pl\/wp-json\/wp\/v2\/types\/page"}],"author":[{"embeddable":true,"href":"https:\/\/panel.ambientsystem.eu\/pl\/wp-json\/wp\/v2\/users\/420"}],"replies":[{"embeddable":true,"href":"https:\/\/panel.ambientsystem.eu\/pl\/wp-json\/wp\/v2\/comments?post=809"}],"version-history":[{"count":6,"href":"https:\/\/panel.ambientsystem.eu\/pl\/wp-json\/wp\/v2\/pages\/809\/revisions"}],"predecessor-version":[{"id":48462,"href":"https:\/\/panel.ambientsystem.eu\/pl\/wp-json\/wp\/v2\/pages\/809\/revisions\/48462"}],"wp:attachment":[{"href":"https:\/\/panel.ambientsystem.eu\/pl\/wp-json\/wp\/v2\/media?parent=809"}],"curies":[{"name":"wp","href":"https:\/\/api.w.org\/{rel}","templated":true}]}}