{"id":796,"date":"2016-03-08T13:29:16","date_gmt":"2016-03-08T13:29:16","guid":{"rendered":"http:\/\/ambientsystem.eu\/pl\/?page_id=796"},"modified":"2024-11-06T11:18:25","modified_gmt":"2024-11-06T11:18:25","slug":"obiekty-sportowe-2","status":"publish","type":"page","link":"https:\/\/panel.ambientsystem.eu\/pl\/obiekty-sportowe-2\/","title":{"rendered":"OBIEKTY SPORTOWE"},"content":{"rendered":"<div id='full_slider_1'  class='avia-fullwidth-slider main_color avia-shadow   avia-builder-el-0  el_before_av_section  avia-builder-el-first   container_wrap fullsize'  >\n<style type=\"text\/css\" data-created_by=\"avia_inline_auto\" id=\"style-css-av-1uwzlw-8249153cdc4e769a26e667943117bfbd\">\n#top #wrap_all .avia-slideshow .av-slideshow-caption.av-1uwzlw-8249153cdc4e769a26e667943117bfbd__0 .avia-caption-title{\nfont-size:70px;\n}\n<\/style>\n<div  class='avia-slideshow av-1uwzlw-8249153cdc4e769a26e667943117bfbd avia-slideshow-featured av_slideshow_full avia-slide-slider av-slideshow-ui av-control-default av-slideshow-manual av-loop-once av-loop-manual-endless av-default-height-applied   avia-slideshow-1' data-slideshow-options=\"{&quot;animation&quot;:&quot;slide&quot;,&quot;autoplay&quot;:false,&quot;loop_autoplay&quot;:&quot;once&quot;,&quot;interval&quot;:5,&quot;loop_manual&quot;:&quot;manual-endless&quot;,&quot;autoplay_stopper&quot;:false,&quot;noNavigation&quot;:false,&quot;bg_slider&quot;:false,&quot;keep_padding&quot;:false,&quot;hoverpause&quot;:false,&quot;show_slide_delay&quot;:0}\"  itemprop=\"image\" itemscope=\"itemscope\" itemtype=\"https:\/\/schema.org\/ImageObject\" ><ul class='avia-slideshow-inner ' style='padding-bottom: 41.9921875%;'><li  class='avia-slideshow-slide av-1uwzlw-8249153cdc4e769a26e667943117bfbd__0  av-single-slide slide-1 slide-odd'><div data-rel='slideshow-1' class='avia-slide-wrap '   ><div class='av-slideshow-caption av-1uwzlw-8249153cdc4e769a26e667943117bfbd__0 caption_fullwidth caption_center caption_center_framed caption_framed'><div class=\"container caption_container\"><div class=\"slideshow_caption\"><div class=\"slideshow_inner_caption\"><div class=\"slideshow_align_caption\"><h2 class='avia-caption-title '  itemprop=\"name\" >OBIEKTY SPORTOWE<\/h2><div class='avia-caption-content '  itemprop=\"description\" ><p>ROZWI\u0104ZANIA DLA STADION\u00d3W I HAL WIDOWISKOWO &#8211; SPORTOWYCH<\/p>\n<\/div><\/div><\/div><\/div><\/div><\/div><img decoding=\"async\" class=\"wp-image-483 avia-img-lazy-loading-not-483\"  src=\"https:\/\/panel.ambientsystem.eu\/wp-content\/uploads\/2015\/10\/stadium-1024x430.jpg\" width=\"1024\" height=\"430\" title='stadium' alt=''  itemprop=\"thumbnailUrl\"   \/><\/div><\/li><\/ul><\/div><\/div>\n<div id='airports'  class='avia-section av-5qfxw-065538c428a4ed5879492bc8632e6bb3 main_color avia-section-default avia-no-shadow  avia-builder-el-1  el_after_av_slideshow_full  el_before_av_hr  avia-bg-style-scroll container_wrap fullsize'  ><div class='container av-section-cont-open' ><div class='template-page content  av-content-full alpha units'><div class='post-entry post-entry-type-page post-entry-796'><div class='entry-content-wrapper clearfix'>\n\n<style type=\"text\/css\" data-created_by=\"avia_inline_auto\" id=\"style-css-av-fv064-328b978e111c368d5baa9a388bac80f8\">\n#top .hr.hr-invisible.av-fv064-328b978e111c368d5baa9a388bac80f8{\nheight:50px;\n}\n<\/style>\n<div  class='hr av-fv064-328b978e111c368d5baa9a388bac80f8 hr-invisible  avia-builder-el-2  el_before_av_one_half  avia-builder-el-first '><span class='hr-inner '><span class=\"hr-inner-style\"><\/span><\/span><\/div>\n\n<style type=\"text\/css\" data-created_by=\"avia_inline_auto\" id=\"style-css-av-1hiaak-152984af59cf54ec7be8bab083a4c011\">\n.flex_column.av-1hiaak-152984af59cf54ec7be8bab083a4c011{\n-webkit-border-radius:0px 0px 0px 0px;\n-moz-border-radius:0px 0px 0px 0px;\nborder-radius:0px 0px 0px 0px;\npadding:0px 0px 0px 0px;\n}\n<\/style>\n<div class='flex_column av-1hiaak-152984af59cf54ec7be8bab083a4c011 av_one_half  avia-builder-el-3  el_after_av_hr  el_before_av_one_half  first flex_column_div av-zero-column-padding '     ><p>\n<style type=\"text\/css\" data-created_by=\"avia_inline_auto\" id=\"style-css-av-1a7x2s-41357fa44daa9d1e27b1eb91abc1e94d\">\n#top .av-special-heading.av-1a7x2s-41357fa44daa9d1e27b1eb91abc1e94d{\npadding-bottom:10px;\n}\nbody .av-special-heading.av-1a7x2s-41357fa44daa9d1e27b1eb91abc1e94d .av-special-heading-tag .heading-char{\nfont-size:25px;\n}\n.av-special-heading.av-1a7x2s-41357fa44daa9d1e27b1eb91abc1e94d .av-subheading{\nfont-size:15px;\n}\n<\/style>\n<div  class='av-special-heading av-1a7x2s-41357fa44daa9d1e27b1eb91abc1e94d av-special-heading-h2 blockquote modern-quote  avia-builder-el-4  el_before_av_hr  avia-builder-el-first '><h2 class='av-special-heading-tag'  itemprop=\"headline\"  >ROZWI\u0104ZANIA DLA STADION\u00d3W I HAL WIDOWISKOWO &#8211; SPORTOWYCH<\/h2><div class=\"special-heading-border\"><div class=\"special-heading-inner-border\"><\/div><\/div><\/div><br \/>\n<div  class='hr av-10qvas-6118eb1a9d6a11952d376647ce746dea hr-default  avia-builder-el-5  el_after_av_heading  el_before_av_image '><span class='hr-inner '><span class=\"hr-inner-style\"><\/span><\/span><\/div><br \/>\n\n<style type=\"text\/css\" data-created_by=\"avia_inline_auto\" id=\"style-css-av-yiphw-f69a77be521f044ccc1fe8148a82d79b\">\n.avia-image-container.av-yiphw-f69a77be521f044ccc1fe8148a82d79b img.avia_image{\nbox-shadow:none;\n}\n.avia-image-container.av-yiphw-f69a77be521f044ccc1fe8148a82d79b .av-image-caption-overlay-center{\ncolor:#ffffff;\n}\n<\/style>\n<div  class='avia-image-container av-yiphw-f69a77be521f044ccc1fe8148a82d79b av-styling- avia_animated_image av-animated-when-visible-95 pop-up avia-align-left  avia-builder-el-6  el_after_av_hr  avia-builder-el-last '   itemprop=\"image\" itemscope=\"itemscope\" itemtype=\"https:\/\/schema.org\/ImageObject\" ><div class=\"avia-image-container-inner\"><div class=\"avia-image-overlay-wrap\"><img decoding=\"async\" class='wp-image-36962 avia-img-lazy-loading-not-36962 avia_image ' src=\"https:\/\/panel.ambientsystem.eu\/wp-content\/uploads\/2023\/02\/smartVES_logo-4.svg\" alt='' title='smartVES_logo'  height=\"84\" width=\"300\"  itemprop=\"thumbnailUrl\"  \/><\/div><\/div><\/div><\/p><\/div>\n<style type=\"text\/css\" data-created_by=\"avia_inline_auto\" id=\"style-css-av-2x4kc-fbe569857561f71242cacb3fa6fb3f79\">\n.flex_column.av-2x4kc-fbe569857561f71242cacb3fa6fb3f79{\n-webkit-border-radius:0px 0px 0px 0px;\n-moz-border-radius:0px 0px 0px 0px;\nborder-radius:0px 0px 0px 0px;\npadding:0px 0px 0px 0px;\n}\n<\/style>\n<div class='flex_column av-2x4kc-fbe569857561f71242cacb3fa6fb3f79 av_one_half  avia-builder-el-7  el_after_av_one_half  avia-builder-el-last  flex_column_div av-zero-column-padding '     ><section  class='av_textblock_section av-klgqs-04c20e4b4b3d23e4d9cfba51b652e0db'  itemscope=\"itemscope\" itemtype=\"https:\/\/schema.org\/CreativeWork\" ><div class='avia_textblock'  itemprop=\"text\" ><p>G\u0142\u00f3wnym zadaniem D\u017awi\u0119kowego Systemu Ostrzegawczego jest realizacja zasadniczych funkcji ewakuacji i informowania os\u00f3b przebywaj\u0105cych w obiekcie o zagro\u017ceniu, w spos\u00f3b automatyczny po otrzymaniu sygna\u0142\u00f3w z systemu sygnalizacji po\u017carowej (SSP) lub w spos\u00f3b r\u0119czny przy u\u017cyciu mikrofon stra\u017caka. D\u017awi\u0119kowy system ostrzegawczy obejmuje swoim zakresem ca\u0142y obiekt, tj. wszystkie pomieszczenia, w kt\u00f3rych przewiduje si\u0119 przebywanie os\u00f3b.<\/p>\n<p>Nale\u017cy jednak zwr\u00f3ci\u0107 uwag\u0119, \u017ce system DSO <a href=\"https:\/\/panel.ambientsystem.eu\/pl\/smartves\">smartVES<\/a>, mo\u017ce by\u0107 z powodzeniem wykorzystywany do wykonywania funkcji niezwi\u0105zanych z ostrzeganiem o niebezpiecze\u0144stwie. W stanie normalnym centrala DSO umo\u017cliwia realizacj\u0119 fakultatywnych funkcji nag\u0142o\u015bnienia obiektu jak nadawanie t\u0142a muzycznego czy rozg\u0142aszanie komunikat\u00f3w informacyjnych za po\u015brednictwem np. mikrofonu strefowego lub innych pod\u0142\u0105czonych do systemu zewn\u0119trznych \u017ar\u00f3de\u0142 d\u017awi\u0119ku.<\/p>\n<p>smartVES posiada zawansowane funkcje obr\u00f3bki d\u017awi\u0119ku i matrycowania sygna\u0142\u00f3w audio, kt\u00f3rymi charakteryzuj\u0105 si\u0119 profesjonalne systemy nag\u0142o\u015bnienia:<\/p>\n<ul>\n<li>swobodny podzia\u0142 nag\u0142a\u015bnianego obiektu na strefy oraz proste zarz\u0105dzanie tymi strefami;<\/li>\n<li>jednoczesne odtwarzanie kilku \u017ar\u00f3de\u0142 muzycznych;<\/li>\n<li>praca systemu w pe\u0142nym pa\u015bmie muzycznym;<\/li>\n<li>wysokiej klasy przetworniki i procesory cyfrowe zapewniaj\u0105ce wysok\u0105 jako\u015b\u0107 i dynamik\u0119 sygna\u0142\u00f3w;<\/li>\n<li>ca\u0142o\u015b\u0107 transmisji w systemie w postaci cyfrowej;<\/li>\n<li>wbudowany procesor DSP w urz\u0105dzeniach zarz\u0105dzaj\u0105cych systemem;<\/li>\n<li>mo\u017cliwo\u015b\u0107 korekcji sygna\u0142\u00f3w na wej\u015bciach i wyj\u015bciach audio;<\/li>\n<li>mo\u017cliwo\u015b\u0107 definiowania op\u00f3\u017anie\u0144 na liniach g\u0142o\u015bnikowych;<\/li>\n<li>wbudowane limitery audio na ka\u017cdym wyj\u015bciu;<\/li>\n<li>eliminator sprz\u0119\u017ce\u0144 akustycznych.<\/li>\n<\/ul>\n<p>Mo\u017cliwo\u015b\u0107 tworzenia konfiguracji pozwalaj\u0105cej na natychmiastowe adresowanie niezale\u017cnych komunikat\u00f3w pochodz\u0105cych od spikera zawod\u00f3w oraz s\u0142u\u017cb bezpiecze\u0144stwa do poszczeg\u00f3lnych sektor\u00f3w \/ trybun w obiekcie.<\/p>\n<p>smartVES jest certyfikowanym systemem \u0142\u0105cz\u0105cym w sobie funkcje procesjonalnego systemu DSO i systemu nag\u0142o\u015bnienia, umo\u017cliwia swobodne zarz\u0105dzenia strefami g\u0142o\u015bnikowymi odpowiedzialnymi za nag\u0142o\u015bnienie trybun jak i pozosta\u0142ych pomieszcze\u0144 w obiekcie. Stosowani systemu smartVES eliminuje problemy techniczne i prawne zwi\u0105zane z po\u0142\u0105czeniem system\u00f3w DSO i PS w halach widowiskowo &#8211; sportowych.<\/p>\n<p>Obs\u0142uga protoko\u0142\u00f3w komunikacyjnych RS485, TCP\/IP oraz wbudowane wej\u015bcia i wyj\u015bcia audio zapewniaj\u0105 wsp\u00f3\u0142prac\u0119 z zewn\u0119trznymi urz\u0105dzeniami jak sto\u0142y mikserskie, zestawy mikrofon\u00f3w bezprzewodowych, systemy t\u0142umacze\u0144 czy p\u0119tle indukcyjne umo\u017cliwiaj\u0105ce przekazywanie informacji do os\u00f3b niedos\u0142ysz\u0105cych.<\/p>\n<\/div><\/section><\/div><\/div><\/div><\/div><!-- close content main div --><\/div><\/div><div id='after_section_1'  class='main_color av_default_container_wrap container_wrap fullsize'  ><div class='container av-section-cont-open' ><div class='template-page content  av-content-full alpha units'><div class='post-entry post-entry-type-page post-entry-796'><div class='entry-content-wrapper clearfix'>\n<style type=\"text\/css\" data-created_by=\"avia_inline_auto\" id=\"style-css-av-9dc4s-6681ee269b36b3bd8570a20f15c9d96d\">\n#top .hr.hr-invisible.av-9dc4s-6681ee269b36b3bd8570a20f15c9d96d{\nheight:50px;\n}\n<\/style>\n<div  class='hr av-9dc4s-6681ee269b36b3bd8570a20f15c9d96d hr-invisible  avia-builder-el-9  el_after_av_section  el_before_av_section  avia-builder-el-no-sibling '><span class='hr-inner '><span class=\"hr-inner-style\"><\/span><\/span><\/div><\/p>\n<\/div><\/div><\/div><!-- close content main div --><\/div><\/div>\n<style type=\"text\/css\" data-created_by=\"avia_inline_auto\" id=\"style-css-av-jyznba9k-3715e209ae4d92858b7894413b3d5e94\">\n.avia-section.av-jyznba9k-3715e209ae4d92858b7894413b3d5e94 .av-parallax .av-parallax-inner{\nbackground-repeat:no-repeat;\nbackground-image:url(https:\/\/panel.ambientsystem.eu\/wp-content\/uploads\/2019\/05\/download-background-1030x824.jpg);\nbackground-position:50% 50%;\nbackground-attachment:scroll;\n}\n<\/style>\n<div id='do-pobrania'  class='avia-section av-jyznba9k-3715e209ae4d92858b7894413b3d5e94 main_color avia-section-default avia-no-border-styling  avia-builder-el-10  el_after_av_hr  avia-builder-el-last  avia-full-stretch av-parallax-section avia-bg-style-parallax container_wrap fullsize'  data-section-bg-repeat='stretch'><div class='av-parallax' data-avia-parallax-ratio='0.3' ><div class='av-parallax-inner main_color avia-full-stretch'><\/div><\/div><div class='container av-section-cont-open' ><div class='template-page content  av-content-full alpha units'><div class='post-entry post-entry-type-page post-entry-796'><div class='entry-content-wrapper clearfix'>\n\n<style type=\"text\/css\" data-created_by=\"avia_inline_auto\" id=\"style-css-av-10pyw4-9d417e5636d69895ef95ea5491c28ad0\">\n.flex_column.av-10pyw4-9d417e5636d69895ef95ea5491c28ad0{\n-webkit-border-radius:0px 0px 0px 0px;\n-moz-border-radius:0px 0px 0px 0px;\nborder-radius:0px 0px 0px 0px;\npadding:0px 0px 0px 0px;\n}\n<\/style>\n<div class='flex_column av-10pyw4-9d417e5636d69895ef95ea5491c28ad0 av_one_fifth  avia-builder-el-11  el_before_av_three_fifth  avia-builder-el-first  first flex_column_div av-zero-column-padding '     ><\/div>\n<style type=\"text\/css\" data-created_by=\"avia_inline_auto\" id=\"style-css-av-v0fz0-b406e9e47993c00426c5bcf5dea5d46f\">\n.flex_column.av-v0fz0-b406e9e47993c00426c5bcf5dea5d46f{\n-webkit-border-radius:0px 0px 0px 0px;\n-moz-border-radius:0px 0px 0px 0px;\nborder-radius:0px 0px 0px 0px;\npadding:0px 0px 0px 0px;\n}\n<\/style>\n<div class='flex_column av-v0fz0-b406e9e47993c00426c5bcf5dea5d46f av_three_fifth  avia-builder-el-12  el_after_av_one_fifth  el_before_av_one_fifth  flex_column_div av-zero-column-padding '     ><style type=\"text\/css\" data-created_by=\"avia_inline_auto\" id=\"style-css-av-8e9sc-694e0b8d34691880de673bf1bb33b9a2\">\n#top .av-special-heading.av-8e9sc-694e0b8d34691880de673bf1bb33b9a2{\npadding-bottom:10px;\nfont-size:50px;\n}\nbody .av-special-heading.av-8e9sc-694e0b8d34691880de673bf1bb33b9a2 .av-special-heading-tag .heading-char{\nfont-size:25px;\n}\n#top #wrap_all .av-special-heading.av-8e9sc-694e0b8d34691880de673bf1bb33b9a2 .av-special-heading-tag{\nfont-size:50px;\n}\n.av-special-heading.av-8e9sc-694e0b8d34691880de673bf1bb33b9a2 .av-subheading{\nfont-size:15px;\n}\n\n@media only screen and (min-width: 480px) and (max-width: 767px){ \n#top #wrap_all .av-special-heading.av-8e9sc-694e0b8d34691880de673bf1bb33b9a2 .av-special-heading-tag{\nfont-size:0.8em;\n}\n}\n\n@media only screen and (max-width: 479px){ \n#top #wrap_all .av-special-heading.av-8e9sc-694e0b8d34691880de673bf1bb33b9a2 .av-special-heading-tag{\nfont-size:0.8em;\n}\n}\n<\/style>\n<div  class='av-special-heading av-8e9sc-694e0b8d34691880de673bf1bb33b9a2 av-special-heading-h2 blockquote modern-quote modern-centered  avia-builder-el-13  avia-builder-el-no-sibling  av-inherit-size'><h2 class='av-special-heading-tag'  itemprop=\"headline\"  >DO POBRANIA<\/h2><div class=\"special-heading-border\"><div class=\"special-heading-inner-border\"><\/div><\/div><\/div><\/div>\n<style type=\"text\/css\" data-created_by=\"avia_inline_auto\" id=\"style-css-av-rjogk-994324a57e96d3f247477a8f9d706d4e\">\n.flex_column.av-rjogk-994324a57e96d3f247477a8f9d706d4e{\n-webkit-border-radius:0px 0px 0px 0px;\n-moz-border-radius:0px 0px 0px 0px;\nborder-radius:0px 0px 0px 0px;\npadding:0px 0px 0px 0px;\n}\n<\/style>\n<div class='flex_column av-rjogk-994324a57e96d3f247477a8f9d706d4e av_one_fifth  avia-builder-el-14  el_after_av_three_fifth  el_before_av_one_third  flex_column_div av-zero-column-padding '     ><\/div>\n<style type=\"text\/css\" data-created_by=\"avia_inline_auto\" id=\"style-css-av-k2vrg-5e30642292e68963ab1fbf40e3ca4e92\">\n.flex_column.av-k2vrg-5e30642292e68963ab1fbf40e3ca4e92{\n-webkit-border-radius:0px 0px 0px 0px;\n-moz-border-radius:0px 0px 0px 0px;\nborder-radius:0px 0px 0px 0px;\npadding:0px 0px 0px 0px;\n}\n<\/style>\n<div class='flex_column av-k2vrg-5e30642292e68963ab1fbf40e3ca4e92 av_one_third  avia-builder-el-15  el_after_av_one_fifth  el_before_av_one_third  first flex_column_div av-zero-column-padding column-top-margin'     ><\/div>\n<style type=\"text\/css\" data-created_by=\"avia_inline_auto\" id=\"style-css-av-f0s7g-bbd0dcd2084069c3abac9096157328ff\">\n.flex_column.av-f0s7g-bbd0dcd2084069c3abac9096157328ff{\n-webkit-border-radius:0px 0px 0px 0px;\n-moz-border-radius:0px 0px 0px 0px;\nborder-radius:0px 0px 0px 0px;\npadding:0px 0px 0px 0px;\n}\n<\/style>\n<div class='flex_column av-f0s7g-bbd0dcd2084069c3abac9096157328ff av_one_third  avia-builder-el-16  el_after_av_one_third  el_before_av_one_third  flex_column_div av-zero-column-padding column-top-margin'     ><article  class='iconbox iconbox_top av-jyzneq0c-7f8626c05e7b5a94592ff93038171592  avia-builder-el-17  avia-builder-el-no-sibling  dwnld main_color'  itemscope=\"itemscope\" itemtype=\"https:\/\/schema.org\/CreativeWork\" ><div class=\"iconbox_content\"><header class=\"entry-content-header\"><a href='https:\/\/panel.ambientsystem.eu\/wp-content\/uploads\/2019\/08\/MV_Systemy-nag\u0142o\u015bnienia-trybun-w-obiektach-sportowych.pdf' title='ARTYKU\u0141 PRASOWY'  class=\"iconbox_icon heading-color\" aria-hidden='true' data-av_icon='\ue82d' data-av_iconfont='entypo-fontello'><\/a><h3 class='iconbox_content_title '  itemprop=\"headline\" ><a href='https:\/\/panel.ambientsystem.eu\/wp-content\/uploads\/2019\/08\/MV_Systemy-nag\u0142o\u015bnienia-trybun-w-obiektach-sportowych.pdf' title='ARTYKU\u0141 PRASOWY' >ARTYKU\u0141 PRASOWY<\/a><\/h3><\/header><div class='iconbox_content_container '  itemprop=\"text\" ><\/div><\/div><footer class=\"entry-footer\"><\/footer><\/article><\/div>\n<style type=\"text\/css\" data-created_by=\"avia_inline_auto\" id=\"style-css-av-boevg-761051e0f359b67bd426f7a846812437\">\n.flex_column.av-boevg-761051e0f359b67bd426f7a846812437{\n-webkit-border-radius:0px 0px 0px 0px;\n-moz-border-radius:0px 0px 0px 0px;\nborder-radius:0px 0px 0px 0px;\npadding:0px 0px 0px 0px;\n}\n<\/style>\n<div class='flex_column av-boevg-761051e0f359b67bd426f7a846812437 av_one_third  avia-builder-el-18  el_after_av_one_third  avia-builder-el-last  flex_column_div av-zero-column-padding column-top-margin'     ><\/div>\n\n","protected":false},"excerpt":{"rendered":"","protected":false},"author":420,"featured_media":0,"parent":0,"menu_order":0,"comment_status":"closed","ping_status":"closed","template":"","meta":{"content-type":"","om_disable_all_campaigns":false,"_uf_show_specific_survey":0,"_uf_disable_surveys":false,"footnotes":""},"class_list":["post-796","page","type-page","status-publish","hentry"],"yoast_head":"<!-- This site is optimized with the Yoast SEO plugin v27.0 - https:\/\/yoast.com\/product\/yoast-seo-wordpress\/ -->\n<title>OBIEKTY SPORTOWE - Ambient System<\/title>\n<meta name=\"robots\" content=\"index, follow, max-snippet:-1, max-image-preview:large, max-video-preview:-1\" \/>\n<link rel=\"canonical\" href=\"https:\/\/panel.ambientsystem.eu\/pl\/obiekty-sportowe-2\/\" \/>\n<meta property=\"og:locale\" content=\"pl_PL\" \/>\n<meta property=\"og:type\" content=\"article\" \/>\n<meta property=\"og:title\" content=\"OBIEKTY SPORTOWE - Ambient System\" \/>\n<meta property=\"og:url\" content=\"https:\/\/panel.ambientsystem.eu\/pl\/obiekty-sportowe-2\/\" \/>\n<meta property=\"og:site_name\" content=\"Ambient System\" \/>\n<meta property=\"article:modified_time\" content=\"2024-11-06T11:18:25+00:00\" \/>\n<meta name=\"twitter:card\" content=\"summary_large_image\" \/>\n<meta name=\"twitter:label1\" content=\"Szacowany czas czytania\" \/>\n\t<meta name=\"twitter:data1\" content=\"3 minuty\" \/>\n<script type=\"application\/ld+json\" class=\"yoast-schema-graph\">{\"@context\":\"https:\/\/schema.org\",\"@graph\":[{\"@type\":\"WebPage\",\"@id\":\"https:\/\/panel.ambientsystem.eu\/pl\/obiekty-sportowe-2\/\",\"url\":\"https:\/\/panel.ambientsystem.eu\/pl\/obiekty-sportowe-2\/\",\"name\":\"OBIEKTY SPORTOWE - Ambient System\",\"isPartOf\":{\"@id\":\"https:\/\/panel.ambientsystem.eu\/pl\/#website\"},\"datePublished\":\"2016-03-08T13:29:16+00:00\",\"dateModified\":\"2024-11-06T11:18:25+00:00\",\"breadcrumb\":{\"@id\":\"https:\/\/panel.ambientsystem.eu\/pl\/obiekty-sportowe-2\/#breadcrumb\"},\"inLanguage\":\"pl-PL\",\"potentialAction\":[{\"@type\":\"ReadAction\",\"target\":[\"https:\/\/panel.ambientsystem.eu\/pl\/obiekty-sportowe-2\/\"]}]},{\"@type\":\"BreadcrumbList\",\"@id\":\"https:\/\/panel.ambientsystem.eu\/pl\/obiekty-sportowe-2\/#breadcrumb\",\"itemListElement\":[{\"@type\":\"ListItem\",\"position\":1,\"name\":\"Strona g\u0142\u00f3wna\",\"item\":\"https:\/\/panel.ambientsystem.eu\/pl\/\"},{\"@type\":\"ListItem\",\"position\":2,\"name\":\"OBIEKTY SPORTOWE\"}]},{\"@type\":\"WebSite\",\"@id\":\"https:\/\/panel.ambientsystem.eu\/pl\/#website\",\"url\":\"https:\/\/panel.ambientsystem.eu\/pl\/\",\"name\":\"Ambient System\",\"description\":\"Dostawca Zintegrowanego Systemu Komunikacyjnego\",\"potentialAction\":[{\"@type\":\"SearchAction\",\"target\":{\"@type\":\"EntryPoint\",\"urlTemplate\":\"https:\/\/panel.ambientsystem.eu\/pl\/?s={search_term_string}\"},\"query-input\":{\"@type\":\"PropertyValueSpecification\",\"valueRequired\":true,\"valueName\":\"search_term_string\"}}],\"inLanguage\":\"pl-PL\"}]}<\/script>\n<!-- \/ Yoast SEO plugin. -->","yoast_head_json":{"title":"OBIEKTY SPORTOWE - Ambient System","robots":{"index":"index","follow":"follow","max-snippet":"max-snippet:-1","max-image-preview":"max-image-preview:large","max-video-preview":"max-video-preview:-1"},"canonical":"https:\/\/panel.ambientsystem.eu\/pl\/obiekty-sportowe-2\/","og_locale":"pl_PL","og_type":"article","og_title":"OBIEKTY SPORTOWE - Ambient System","og_url":"https:\/\/panel.ambientsystem.eu\/pl\/obiekty-sportowe-2\/","og_site_name":"Ambient System","article_modified_time":"2024-11-06T11:18:25+00:00","twitter_card":"summary_large_image","twitter_misc":{"Szacowany czas czytania":"3 minuty"},"schema":{"@context":"https:\/\/schema.org","@graph":[{"@type":"WebPage","@id":"https:\/\/panel.ambientsystem.eu\/pl\/obiekty-sportowe-2\/","url":"https:\/\/panel.ambientsystem.eu\/pl\/obiekty-sportowe-2\/","name":"OBIEKTY SPORTOWE - Ambient System","isPartOf":{"@id":"https:\/\/panel.ambientsystem.eu\/pl\/#website"},"datePublished":"2016-03-08T13:29:16+00:00","dateModified":"2024-11-06T11:18:25+00:00","breadcrumb":{"@id":"https:\/\/panel.ambientsystem.eu\/pl\/obiekty-sportowe-2\/#breadcrumb"},"inLanguage":"pl-PL","potentialAction":[{"@type":"ReadAction","target":["https:\/\/panel.ambientsystem.eu\/pl\/obiekty-sportowe-2\/"]}]},{"@type":"BreadcrumbList","@id":"https:\/\/panel.ambientsystem.eu\/pl\/obiekty-sportowe-2\/#breadcrumb","itemListElement":[{"@type":"ListItem","position":1,"name":"Strona g\u0142\u00f3wna","item":"https:\/\/panel.ambientsystem.eu\/pl\/"},{"@type":"ListItem","position":2,"name":"OBIEKTY SPORTOWE"}]},{"@type":"WebSite","@id":"https:\/\/panel.ambientsystem.eu\/pl\/#website","url":"https:\/\/panel.ambientsystem.eu\/pl\/","name":"Ambient System","description":"Dostawca Zintegrowanego Systemu Komunikacyjnego","potentialAction":[{"@type":"SearchAction","target":{"@type":"EntryPoint","urlTemplate":"https:\/\/panel.ambientsystem.eu\/pl\/?s={search_term_string}"},"query-input":{"@type":"PropertyValueSpecification","valueRequired":true,"valueName":"search_term_string"}}],"inLanguage":"pl-PL"}]}},"_links":{"self":[{"href":"https:\/\/panel.ambientsystem.eu\/pl\/wp-json\/wp\/v2\/pages\/796","targetHints":{"allow":["GET"]}}],"collection":[{"href":"https:\/\/panel.ambientsystem.eu\/pl\/wp-json\/wp\/v2\/pages"}],"about":[{"href":"https:\/\/panel.ambientsystem.eu\/pl\/wp-json\/wp\/v2\/types\/page"}],"author":[{"embeddable":true,"href":"https:\/\/panel.ambientsystem.eu\/pl\/wp-json\/wp\/v2\/users\/420"}],"replies":[{"embeddable":true,"href":"https:\/\/panel.ambientsystem.eu\/pl\/wp-json\/wp\/v2\/comments?post=796"}],"version-history":[{"count":6,"href":"https:\/\/panel.ambientsystem.eu\/pl\/wp-json\/wp\/v2\/pages\/796\/revisions"}],"predecessor-version":[{"id":48458,"href":"https:\/\/panel.ambientsystem.eu\/pl\/wp-json\/wp\/v2\/pages\/796\/revisions\/48458"}],"wp:attachment":[{"href":"https:\/\/panel.ambientsystem.eu\/pl\/wp-json\/wp\/v2\/media?parent=796"}],"curies":[{"name":"wp","href":"https:\/\/api.w.org\/{rel}","templated":true}]}}