{"id":786,"date":"2016-03-08T13:07:28","date_gmt":"2016-03-08T13:07:28","guid":{"rendered":"http:\/\/ambientsystem.eu\/pl\/?page_id=786"},"modified":"2024-11-06T11:20:00","modified_gmt":"2024-11-06T11:20:00","slug":"obiekty-handlowe","status":"publish","type":"page","link":"https:\/\/panel.ambientsystem.eu\/pl\/obiekty-handlowe\/","title":{"rendered":"OBIEKTY HANDLOWE"},"content":{"rendered":"<div id='full_slider_1'  class='avia-fullwidth-slider main_color avia-shadow   avia-builder-el-0  el_before_av_section  avia-builder-el-first   container_wrap fullsize'  >\n<style type=\"text\/css\" data-created_by=\"avia_inline_auto\" id=\"style-css-av-8hz9m-7fee9f85891ffa6b54af82f07e7fda86\">\n#top #wrap_all .avia-slideshow .av-slideshow-caption.av-8hz9m-7fee9f85891ffa6b54af82f07e7fda86__0 .avia-caption-title{\nfont-size:70px;\n}\n<\/style>\n<div  class='avia-slideshow av-8hz9m-7fee9f85891ffa6b54af82f07e7fda86 avia-slideshow-featured av_slideshow_full avia-slide-slider av-slideshow-ui av-control-default av-slideshow-manual av-loop-once av-loop-manual-endless av-default-height-applied   avia-slideshow-1' data-slideshow-options=\"{&quot;animation&quot;:&quot;slide&quot;,&quot;autoplay&quot;:false,&quot;loop_autoplay&quot;:&quot;once&quot;,&quot;interval&quot;:5,&quot;loop_manual&quot;:&quot;manual-endless&quot;,&quot;autoplay_stopper&quot;:false,&quot;noNavigation&quot;:false,&quot;bg_slider&quot;:false,&quot;keep_padding&quot;:false,&quot;hoverpause&quot;:false,&quot;show_slide_delay&quot;:0}\"  itemprop=\"image\" itemscope=\"itemscope\" itemtype=\"https:\/\/schema.org\/ImageObject\" ><ul class='avia-slideshow-inner ' style='padding-bottom: 28.666666666667%;'><li  class='avia-slideshow-slide av-8hz9m-7fee9f85891ffa6b54af82f07e7fda86__0  av-single-slide slide-1 slide-odd'><div data-rel='slideshow-1' class='avia-slide-wrap '   ><div class='av-slideshow-caption av-8hz9m-7fee9f85891ffa6b54af82f07e7fda86__0 caption_fullwidth caption_center caption_center_framed caption_framed'><div class=\"container caption_container\"><div class=\"slideshow_caption\"><div class=\"slideshow_inner_caption\"><div class=\"slideshow_align_caption\"><h2 class='avia-caption-title '  itemprop=\"name\" >OBIEKTY HANDLOWE<\/h2><div class='avia-caption-content '  itemprop=\"description\" ><p>ROZWI\u0104ZANIA DLA OBIEKT\u00d3W HANDLOWYCH<\/p>\n<\/div><\/div><\/div><\/div><\/div><\/div><img decoding=\"async\" class=\"wp-image-39671 avia-img-lazy-loading-not-39671\"  src=\"https:\/\/panel.ambientsystem.eu\/wp-content\/uploads\/2023\/07\/shopping-malls-1500x430.jpg\" width=\"1500\" height=\"430\" title='shopping malls' alt=''  itemprop=\"thumbnailUrl\"   \/><\/div><\/li><\/ul><\/div><\/div>\n<div id='airports'  class='avia-section av-20951e-219934555f8c62dffd4f9a1c537e575a main_color avia-section-default avia-no-shadow  avia-builder-el-1  el_after_av_slideshow_full  avia-builder-el-last  avia-bg-style-scroll container_wrap fullsize'  ><div class='container av-section-cont-open' ><div class='template-page content  av-content-full alpha units'><div class='post-entry post-entry-type-page post-entry-786'><div class='entry-content-wrapper clearfix'>\n\n<style type=\"text\/css\" data-created_by=\"avia_inline_auto\" id=\"style-css-av-ljy5daix-9a03f4321b74d7b01433aaa038d62ddb\">\n#top .hr.hr-invisible.av-ljy5daix-9a03f4321b74d7b01433aaa038d62ddb{\nheight:50px;\n}\n<\/style>\n<div  class='hr av-ljy5daix-9a03f4321b74d7b01433aaa038d62ddb hr-invisible  avia-builder-el-2  el_before_av_one_half  avia-builder-el-first '><span class='hr-inner '><span class=\"hr-inner-style\"><\/span><\/span><\/div>\n\n<style type=\"text\/css\" data-created_by=\"avia_inline_auto\" id=\"style-css-av-1vzwu2-cff186c8bcf33ac461fbcf9389cabe39\">\n.flex_column.av-1vzwu2-cff186c8bcf33ac461fbcf9389cabe39{\n-webkit-border-radius:0px 0px 0px 0px;\n-moz-border-radius:0px 0px 0px 0px;\nborder-radius:0px 0px 0px 0px;\npadding:0px 0px 0px 0px;\n}\n<\/style>\n<div class='flex_column av-1vzwu2-cff186c8bcf33ac461fbcf9389cabe39 av_one_half  avia-builder-el-3  el_after_av_hr  el_before_av_one_half  first flex_column_div av-zero-column-padding '     ><p>\n<style type=\"text\/css\" data-created_by=\"avia_inline_auto\" id=\"style-css-av-6qk36-a35d6623c68a6b161cf3f910461d5f2d\">\n#top .av-special-heading.av-6qk36-a35d6623c68a6b161cf3f910461d5f2d{\npadding-bottom:10px;\n}\nbody .av-special-heading.av-6qk36-a35d6623c68a6b161cf3f910461d5f2d .av-special-heading-tag .heading-char{\nfont-size:25px;\n}\n.av-special-heading.av-6qk36-a35d6623c68a6b161cf3f910461d5f2d .av-subheading{\nfont-size:15px;\n}\n<\/style>\n<div  class='av-special-heading av-6qk36-a35d6623c68a6b161cf3f910461d5f2d av-special-heading-h2 blockquote modern-quote  avia-builder-el-4  el_before_av_hr  avia-builder-el-first '><h2 class='av-special-heading-tag'  itemprop=\"headline\"  >ROZWI\u0104ZANIA DLA OBIEKT\u00d3W HANDLOWYCH<\/h2><div class=\"special-heading-border\"><div class=\"special-heading-inner-border\"><\/div><\/div><\/div><br \/>\n<div  class='hr av-1m0td6-6c5a91bd80cc0ddf23e8b0bbf3ff75ae hr-default  avia-builder-el-5  el_after_av_heading  el_before_av_image '><span class='hr-inner '><span class=\"hr-inner-style\"><\/span><\/span><\/div><br \/>\n\n<style type=\"text\/css\" data-created_by=\"avia_inline_auto\" id=\"style-css-av-1czeuy-7298f7be8d0bfeba7a21705703f66140\">\n.avia-image-container.av-1czeuy-7298f7be8d0bfeba7a21705703f66140 img.avia_image{\nbox-shadow:none;\n}\n.avia-image-container.av-1czeuy-7298f7be8d0bfeba7a21705703f66140 .av-image-caption-overlay-center{\ncolor:#ffffff;\n}\n<\/style>\n<div  class='avia-image-container av-1czeuy-7298f7be8d0bfeba7a21705703f66140 av-styling- avia_animated_image av-animated-when-visible-95 pop-up avia-align-left  avia-builder-el-6  el_after_av_hr  avia-builder-el-last '   itemprop=\"image\" itemscope=\"itemscope\" itemtype=\"https:\/\/schema.org\/ImageObject\" ><div class=\"avia-image-container-inner\"><div class=\"avia-image-overlay-wrap\"><img decoding=\"async\" class='wp-image-36962 avia-img-lazy-loading-not-36962 avia_image ' src=\"https:\/\/panel.ambientsystem.eu\/wp-content\/uploads\/2023\/02\/smartVES_logo-4.svg\" alt='' title='smartVES_logo'  height=\"84\" width=\"300\"  itemprop=\"thumbnailUrl\"  \/><\/div><\/div><\/div><\/p><\/div>\n<style type=\"text\/css\" data-created_by=\"avia_inline_auto\" id=\"style-css-av-1bdhze-4f11cfeb90fa30c37f712ff3b16a6044\">\n.flex_column.av-1bdhze-4f11cfeb90fa30c37f712ff3b16a6044{\n-webkit-border-radius:0px 0px 0px 0px;\n-moz-border-radius:0px 0px 0px 0px;\nborder-radius:0px 0px 0px 0px;\npadding:0px 0px 0px 0px;\n}\n<\/style>\n<div class='flex_column av-1bdhze-4f11cfeb90fa30c37f712ff3b16a6044 av_one_half  avia-builder-el-7  el_after_av_one_half  el_before_av_hr  flex_column_div av-zero-column-padding '     ><section  class='av_textblock_section av-10kiwa-05790e25c12b7b38e7b915b0f0ec352a'  itemscope=\"itemscope\" itemtype=\"https:\/\/schema.org\/CreativeWork\" ><div class='avia_textblock'  itemprop=\"text\" ><p>Galerie handlowe charakteryzuj\u0105 si\u0119 du\u017cymi strefami przeciwpo\u017carowymi, w kt\u00f3rych kilkana\u015bcie linii g\u0142o\u015bnikowych mo\u017ce tworzy\u0107 jedn\u0105 stref\u0119 nag\u0142o\u015bnienia. Mo\u017cliwo\u015b\u0107 mostkowania kana\u0142\u00f3w wzmacniaczy ABT-PA oraz wbudowane szyny BUS w jednostkach kontroli ABT-CU systemu <a href=\"http:\/\/panel.ambientsystem.eu\/pl\/smartves\">smartVES<\/a>, umo\u017cliwiaj\u0105 przyporz\u0105dkowanie od 1 do 44 linii g\u0142o\u015bnikowych do jednego du\u017cego wzmacniacza mocy. Powy\u017csze zapewnia stosowanie minimalnej wymaganej ilo\u015bci wzmacniaczy mocy, przy zachowaniu pe\u0142nej funkcjonalno\u015bci systemu.<\/p>\n<p>Zewn\u0119trzne \u017ar\u00f3d\u0142o audio pod\u0142\u0105czone do dowolnego wej\u015bcia w systemie, umo\u017cliwia wykorzystywane systemu DSO do nadawania np. t\u0142a muzycznego do dowolnie zdefiniowanych stref g\u0142o\u015bnikowych. Wydzielenie strefy og\u00f3lnodost\u0119pnej jak pasa\u017c handlowy, daje mo\u017cliwo\u015b\u0107 nadawania muzyki lub informacji reklamowych przekazywanych przez systemy zewn\u0119trzne lub wbudowane w szafie \u017ar\u00f3d\u0142o d\u017awi\u0119ku.<\/p>\n<p>Projektuj\u0105c niezale\u017cne linie g\u0142o\u015bnikowe w obszarach du\u017cych Najemc\u00f3w, system smartVES mo\u017ce by\u0107 wykorzystywany przez lokalnego Najemc\u0119, jako system PA. Dedykowany mikrofon strefowy, mo\u017ce s\u0142u\u017cy\u0107 do nadawania komunikat\u00f3w s\u0142ownych przez personel sklepu a wbudowane wej\u015bcia audio s\u0142u\u017c\u0105 do przy\u0142\u0105czenia \u017ar\u00f3de\u0142 audio Najemcy. Przyciski na rozszerzeniu mikrofonu s\u0105 swobodnie programowalne, dlatego mikrofon strefowy stanowi panel sterowniczy systemu PA &#8211; umo\u017cliwia m. in. wyb\u00f3r strefy, za\u0142\u0105czenie i wy\u0142\u0105czanie poszczeg\u00f3lnych \u017ar\u00f3de\u0142 d\u017awi\u0119ku, czy te\u017c regulacj\u0119 poziomu d\u017awi\u0119ku.<\/p>\n<\/div><\/section><\/div>\n<style type=\"text\/css\" data-created_by=\"avia_inline_auto\" id=\"style-css-av-9l8ui-1abf861357b0e123271f83da1ec5675a\">\n#top .hr.hr-invisible.av-9l8ui-1abf861357b0e123271f83da1ec5675a{\nheight:50px;\n}\n<\/style>\n<div  class='hr av-9l8ui-1abf861357b0e123271f83da1ec5675a hr-invisible  avia-builder-el-9  el_after_av_one_half  avia-builder-el-last '><span class='hr-inner '><span class=\"hr-inner-style\"><\/span><\/span><\/div>\n\n","protected":false},"excerpt":{"rendered":"","protected":false},"author":420,"featured_media":0,"parent":0,"menu_order":0,"comment_status":"closed","ping_status":"closed","template":"","meta":{"content-type":"","om_disable_all_campaigns":false,"_uf_show_specific_survey":0,"_uf_disable_surveys":false,"footnotes":""},"class_list":["post-786","page","type-page","status-publish","hentry"],"yoast_head":"<!-- This site is optimized with the Yoast SEO plugin v27.0 - https:\/\/yoast.com\/product\/yoast-seo-wordpress\/ -->\n<title>OBIEKTY HANDLOWE - Ambient System<\/title>\n<meta name=\"robots\" content=\"index, follow, max-snippet:-1, max-image-preview:large, max-video-preview:-1\" \/>\n<link rel=\"canonical\" href=\"https:\/\/panel.ambientsystem.eu\/pl\/obiekty-handlowe\/\" \/>\n<meta property=\"og:locale\" content=\"pl_PL\" \/>\n<meta property=\"og:type\" content=\"article\" \/>\n<meta property=\"og:title\" content=\"OBIEKTY HANDLOWE - Ambient System\" \/>\n<meta property=\"og:url\" content=\"https:\/\/panel.ambientsystem.eu\/pl\/obiekty-handlowe\/\" \/>\n<meta property=\"og:site_name\" content=\"Ambient System\" \/>\n<meta property=\"article:modified_time\" content=\"2024-11-06T11:20:00+00:00\" \/>\n<meta name=\"twitter:card\" content=\"summary_large_image\" \/>\n<meta name=\"twitter:label1\" content=\"Szacowany czas czytania\" \/>\n\t<meta name=\"twitter:data1\" content=\"2 minuty\" \/>\n<script type=\"application\/ld+json\" class=\"yoast-schema-graph\">{\"@context\":\"https:\/\/schema.org\",\"@graph\":[{\"@type\":\"WebPage\",\"@id\":\"https:\/\/panel.ambientsystem.eu\/pl\/obiekty-handlowe\/\",\"url\":\"https:\/\/panel.ambientsystem.eu\/pl\/obiekty-handlowe\/\",\"name\":\"OBIEKTY HANDLOWE - Ambient System\",\"isPartOf\":{\"@id\":\"https:\/\/panel.ambientsystem.eu\/pl\/#website\"},\"datePublished\":\"2016-03-08T13:07:28+00:00\",\"dateModified\":\"2024-11-06T11:20:00+00:00\",\"breadcrumb\":{\"@id\":\"https:\/\/panel.ambientsystem.eu\/pl\/obiekty-handlowe\/#breadcrumb\"},\"inLanguage\":\"pl-PL\",\"potentialAction\":[{\"@type\":\"ReadAction\",\"target\":[\"https:\/\/panel.ambientsystem.eu\/pl\/obiekty-handlowe\/\"]}]},{\"@type\":\"BreadcrumbList\",\"@id\":\"https:\/\/panel.ambientsystem.eu\/pl\/obiekty-handlowe\/#breadcrumb\",\"itemListElement\":[{\"@type\":\"ListItem\",\"position\":1,\"name\":\"Strona g\u0142\u00f3wna\",\"item\":\"https:\/\/panel.ambientsystem.eu\/pl\/\"},{\"@type\":\"ListItem\",\"position\":2,\"name\":\"OBIEKTY HANDLOWE\"}]},{\"@type\":\"WebSite\",\"@id\":\"https:\/\/panel.ambientsystem.eu\/pl\/#website\",\"url\":\"https:\/\/panel.ambientsystem.eu\/pl\/\",\"name\":\"Ambient System\",\"description\":\"Dostawca Zintegrowanego Systemu Komunikacyjnego\",\"potentialAction\":[{\"@type\":\"SearchAction\",\"target\":{\"@type\":\"EntryPoint\",\"urlTemplate\":\"https:\/\/panel.ambientsystem.eu\/pl\/?s={search_term_string}\"},\"query-input\":{\"@type\":\"PropertyValueSpecification\",\"valueRequired\":true,\"valueName\":\"search_term_string\"}}],\"inLanguage\":\"pl-PL\"}]}<\/script>\n<!-- \/ Yoast SEO plugin. -->","yoast_head_json":{"title":"OBIEKTY HANDLOWE - Ambient System","robots":{"index":"index","follow":"follow","max-snippet":"max-snippet:-1","max-image-preview":"max-image-preview:large","max-video-preview":"max-video-preview:-1"},"canonical":"https:\/\/panel.ambientsystem.eu\/pl\/obiekty-handlowe\/","og_locale":"pl_PL","og_type":"article","og_title":"OBIEKTY HANDLOWE - Ambient System","og_url":"https:\/\/panel.ambientsystem.eu\/pl\/obiekty-handlowe\/","og_site_name":"Ambient System","article_modified_time":"2024-11-06T11:20:00+00:00","twitter_card":"summary_large_image","twitter_misc":{"Szacowany czas czytania":"2 minuty"},"schema":{"@context":"https:\/\/schema.org","@graph":[{"@type":"WebPage","@id":"https:\/\/panel.ambientsystem.eu\/pl\/obiekty-handlowe\/","url":"https:\/\/panel.ambientsystem.eu\/pl\/obiekty-handlowe\/","name":"OBIEKTY HANDLOWE - Ambient System","isPartOf":{"@id":"https:\/\/panel.ambientsystem.eu\/pl\/#website"},"datePublished":"2016-03-08T13:07:28+00:00","dateModified":"2024-11-06T11:20:00+00:00","breadcrumb":{"@id":"https:\/\/panel.ambientsystem.eu\/pl\/obiekty-handlowe\/#breadcrumb"},"inLanguage":"pl-PL","potentialAction":[{"@type":"ReadAction","target":["https:\/\/panel.ambientsystem.eu\/pl\/obiekty-handlowe\/"]}]},{"@type":"BreadcrumbList","@id":"https:\/\/panel.ambientsystem.eu\/pl\/obiekty-handlowe\/#breadcrumb","itemListElement":[{"@type":"ListItem","position":1,"name":"Strona g\u0142\u00f3wna","item":"https:\/\/panel.ambientsystem.eu\/pl\/"},{"@type":"ListItem","position":2,"name":"OBIEKTY HANDLOWE"}]},{"@type":"WebSite","@id":"https:\/\/panel.ambientsystem.eu\/pl\/#website","url":"https:\/\/panel.ambientsystem.eu\/pl\/","name":"Ambient System","description":"Dostawca Zintegrowanego Systemu Komunikacyjnego","potentialAction":[{"@type":"SearchAction","target":{"@type":"EntryPoint","urlTemplate":"https:\/\/panel.ambientsystem.eu\/pl\/?s={search_term_string}"},"query-input":{"@type":"PropertyValueSpecification","valueRequired":true,"valueName":"search_term_string"}}],"inLanguage":"pl-PL"}]}},"_links":{"self":[{"href":"https:\/\/panel.ambientsystem.eu\/pl\/wp-json\/wp\/v2\/pages\/786","targetHints":{"allow":["GET"]}}],"collection":[{"href":"https:\/\/panel.ambientsystem.eu\/pl\/wp-json\/wp\/v2\/pages"}],"about":[{"href":"https:\/\/panel.ambientsystem.eu\/pl\/wp-json\/wp\/v2\/types\/page"}],"author":[{"embeddable":true,"href":"https:\/\/panel.ambientsystem.eu\/pl\/wp-json\/wp\/v2\/users\/420"}],"replies":[{"embeddable":true,"href":"https:\/\/panel.ambientsystem.eu\/pl\/wp-json\/wp\/v2\/comments?post=786"}],"version-history":[{"count":6,"href":"https:\/\/panel.ambientsystem.eu\/pl\/wp-json\/wp\/v2\/pages\/786\/revisions"}],"predecessor-version":[{"id":48460,"href":"https:\/\/panel.ambientsystem.eu\/pl\/wp-json\/wp\/v2\/pages\/786\/revisions\/48460"}],"wp:attachment":[{"href":"https:\/\/panel.ambientsystem.eu\/pl\/wp-json\/wp\/v2\/media?parent=786"}],"curies":[{"name":"wp","href":"https:\/\/api.w.org\/{rel}","templated":true}]}}