{"id":5524,"date":"2018-05-28T09:58:42","date_gmt":"2018-05-28T09:58:42","guid":{"rendered":"https:\/\/ambientsystem.eu\/?page_id=5524"},"modified":"2020-06-26T07:17:38","modified_gmt":"2020-06-26T07:17:38","slug":"informacja-o-ochronie-danych-osobowych","status":"publish","type":"page","link":"https:\/\/panel.ambientsystem.eu\/pl\/informacja-o-ochronie-danych-osobowych\/","title":{"rendered":"Informacja o Ochronie Danych Osobowych"},"content":{"rendered":"<section  class='av_textblock_section av-30sfx0-464f3b362065dbe08b69f53830bfc980'  itemscope=\"itemscope\" itemtype=\"https:\/\/schema.org\/CreativeWork\" ><div class='avia_textblock'  itemprop=\"text\" ><p><span style=\"text-decoration: underline;\"><strong>INFORMACJA O OCHRONIE DANYCH OSOBOWYCH<\/strong><\/span><\/p>\n<p>Spe\u0142niaj\u0105c obowi\u0105zek informacyjny, kt\u00f3ry wynika z Art. 13 ust. 1 i 2. Rozporz\u0105dzenia Parlamentu Europejskiego i Rady (UE) 2016\/679 z 27.04.2016 r. w sprawie ochrony os\u00f3b fizycznych w zwi\u0105zku z przetwarzaniem danych osobowych i w sprawie swobodnego przep\u0142ywu takich danych oraz uchylenia dyrektywy 95\/46\/WE (Dz.U.UE.L.119.1) zwanego w dalszej cz\u0119\u015bci: \u201eRODO\u201d, powiadamiamy, i\u017c:<br \/>\nAdministratorem Pa\u0144stwa danych osobowych jest:<br \/>\nAmbient System sp. z o.o., ul. Bysewska 27, 80- 298 Gda\u0144sk<br \/>\nKontakt do Administratora w sprawie przetwarzania danych osobowych: tel. +48 58 345 51 95 , adres email: <a href=\"mailto:rodo@ambientsystem.pl\">rodo@ambientsystem.pl<\/a><\/p>\n<p><strong>Cel i zakres przetwarzanych danych:<\/strong><br \/>\nDbamy o to, aby Pa\u0144stwa dane by\u0142y odpowiednio zabezpieczane, a ich przetwarzanie by\u0142o jasne, rzetelne i zgodne z przepisami obowi\u0105zuj\u0105cego prawa. Pa\u0144stwa dane osobowe mog\u0105 by\u0107 przetwarzane:<\/p>\n<ul>\n<li>w celu przygotowania, zawarcia i wykonania umowy na podstawie art. 6 ust. 1 lit. b) , w tym tak\u017ce w celu prowadzenia wymaganej prawem rozliczalno\u015bci finansowej w zakresie wskazanym w Ustawie z dnia 26 lipca 1991 roku o podatku dochodowym od os\u00f3b fizycznych oraz Ustawie z dnia 29 sierpnia 1997 roku Ordynacja podatkowa (wystawienie i archiwizacja dowod\u00f3w ksi\u0119gowych). Dane przetwarzane s\u0105 w tym celu przez ca\u0142y czas trwania umowy a po jej rozwi\u0105zaniu lub wyga\u015bni\u0119ciu do terminu przedawnienia ewentualnych roszcze\u0144 wskazanego w Ustawie z dnia 23.04.1964 r. Kodeks cywilny lub do czasu up\u0142ywu okresu przedawnienia zobowi\u0105zania podatkowego wskazanego w Ustawie z dnia 29 sierpnia 1997 roku Ordynacja podatkowa, w zale\u017cno\u015bci od tego kt\u00f3ry termin up\u0142ynie p\u00f3\u017aniej,<\/li>\n<li>w celach przygotowania i przes\u0142ania oferty na podstawie art. 6 ust. 1 lit. a) RODO, czyli na podstawie zgody wydanej przez: \u015bwiadome dzia\u0142anie jakim jest przes\u0142anie zapytania ofertowego lub przez z\u0142o\u017cenie o\u015bwiadczenia o zgodzie na przetwarzanie danych w celu przygotowania i przes\u0142ania oferty. W przypadku wys\u0142ania zapytania ofertowego dane s\u0105 usuwane po 12 miesi\u0105cach od przes\u0142ania oferty, natomiast w przypadku o\u015bwiadczenia o zgodzie \u2013 dane s\u0105 przetwarzane do momentu jej odwo\u0142ania.<\/li>\n<li>w celu prowadzenia bie\u017c\u0105cej korespondencji na podstawie art. 6 ust. 1 lit. f) tj. w prawnie uzasadnionym interesie administratora jakim jest utrzymywanie kontaktu z kontrahentami. Dane w tym celu s\u0105 przetwarzane do momentu wp\u0142yni\u0119cia do administratora sprzeciwu wobec ich przetwarzania,<\/li>\n<li>w celu ustalenia i dochodzenia roszcze\u0144 poprzez prowadzenie dzia\u0142a\u0144 windykacyjnych, sprzeda\u017c wierzytelno\u015bci na podstawie art. 6 ust. 1 lit. f RODO, w zwi\u0105zku z art. 509 i 510 Ustawy z dnia 23.04.1964 r Kodeks cywilny. Dane w tym celu s\u0105 przetwarzane do momentu zaspokojenia wierzytelno\u015bci, cesji wierzytelno\u015bci lub terminu przedawnienia roszczenia wskazanego w Ustawie z dnia 23.04.1964 r Kodeks cywilny,<\/li>\n<li>w celu podniesienia jako\u015bci \u015bwiadczonych us\u0142ug poprzez prowadzenie nadzoru nad obs\u0142ug\u0105 Klienta i tworzenie analiz na podstawie art. 6 ust. 1 lit. f) RODO. Dane s\u0105 przetwarzane do czasu otrzymania sprzeciwu na ich przetwarzanie w tym celu.<\/li>\n<\/ul>\n<p><strong>Odbiorcy danych osobowych<\/strong><br \/>\nDost\u0119p do Pa\u0144stwa danych osobowych mog\u0105 uzyska\u0107:<\/p>\n<ul>\n<li>pracownicy i wsp\u00f3\u0142pracownicy Administratora, upowa\u017cnieni do przetwarzania danych osobowych, kt\u00f3rzy przetwarzaj\u0105 dane na wyra\u017ane jego polecenie,<\/li>\n<li>dostawcy us\u0142ug informatycznych, ksi\u0119gowych, doradczych, prawnych, marketingowych, graficznych, business development z kt\u00f3rymi Administrator zawar\u0142 umowy powierzenia przetwarzania danych osobowych i kt\u00f3rzy przeszli pozytywnie weryfikacj\u0119 zgodno\u015bci dzia\u0142ania z RODO.<\/li>\n<\/ul>\n<p>Nie przekazujemy Pa\u0144stwa danych osobowych do Pa\u0144stw le\u017c\u0105cych poza Europejskim Obszarem Gospodarczym (czyli do tzw. Pa\u0144stw Trzecich)<\/p>\n<p><strong>Prawa osoby, kt\u00f3rej dane przetwarzamy.<\/strong><br \/>\nMog\u0105 Pa\u0144stwo w dowolnym momencie skorzysta\u0107 z prawa dost\u0119pu do swoich danych osobowych oraz praw do:<\/p>\n<ul>\n<li>sprostowania danych \u2013 czyli poprawienia danych osobowych gdy s\u0105 one b\u0142\u0119dne, uleg\u0142y zmianie lub zdezaktualizowa\u0142y si\u0119,<\/li>\n<li>cz\u0119\u015bciowego lub ca\u0142kowitego usuni\u0119cia danych (prawo do bycia zapomnianym) je\u017celi dane s\u0105 przetwarzane niezgodnie z obowi\u0105zuj\u0105cym prawem lub wszystkie cele zwi\u0105zane z przetwarzaniem danych zosta\u0142y osi\u0105gni\u0119te i nie ma innej podstawy prawnej do ich dalszego przetwarzania,<\/li>\n<li>ograniczenia przetwarzania danych \u2013 czyli ograniczenia przetwarzania danych wy\u0142\u0105cznie do ich przechowywania,<\/li>\n<li>dost\u0119pu do danych \u2013 czyli uzyskania informacji o celu i sposobie przetwarzania Pa\u0144stwa danych osobowych oraz kopii danych z systemu informatycznego,<\/li>\n<li>przenoszenia danych \u2013 czyli uzyskania swoich danych osobowych, kt\u00f3re nam przekazali\u015bcie lub wskazania innego administratora, kt\u00f3remu powinni\u015bmy je przekaza\u0107, o ile b\u0119dzie to technicznie mo\u017cliwe.<\/li>\n<\/ul>\n<p><strong>Prawo do sprzeciwu<\/strong> \u2013 mog\u0105 Pa\u0144stwo w dowolnym momencie wnie\u015b\u0107 sprzeciw wobec przetwarzania danych:<\/p>\n<ul>\n<li>na potrzeby marketingu bezpo\u015bredniego &#8211; zaprzestaniemy przetwarzania Pa\u0144stwa danych w tym celu,<\/li>\n<li>w szczeg\u00f3lnych sytuacjach, je\u015bli przetwarzamy je w prawnie uzasadnionym interesie lub interesie publicznym.<\/li>\n<\/ul>\n<p>Zaprzestaniemy przetwarzania danych w tych celach, o ile nie b\u0119d\u0105 istnia\u0142y inne, przewa\u017caj\u0105ce prawnie uzasadnione podstawy przetwarzania.<\/p>\n<p><strong>Prawo do wycofania zgody<\/strong> \u2013 mog\u0105 Pa\u0144stwo w dowolnej chwili wycofa\u0107 ka\u017cd\u0105 zgod\u0119, kt\u00f3r\u0105 Pa\u0144stwo wyrazili. Od z\u0142o\u017cenia takiej dyspozycji nie b\u0119dziemy ju\u017c przetwarza\u0107 danych we wskazanym przez Pa\u0144stwa celu. Prosz\u0119 jednak pami\u0119ta\u0107, \u017ce do czasu wycofania zgody mamy prawo przetwarza\u0107 Pa\u0144stwa dane.<br \/>\nMog\u0105 Pa\u0144stwo realizowa\u0107 swoje prawa, sk\u0142adaj\u0105c wniosek za po\u015brednictwem poni\u017cszych kana\u0142\u00f3w komunikacyjnych:<\/p>\n<ul>\n<li>wysy\u0142aj\u0105c e-mail na adres:<a href=\"mailto:rodo@ambientsystem.pl\"> rodo@ambientsystem.pl<\/a>,<\/li>\n<li>telefonicznie pod numerem: +48 58 345 51 95<\/li>\n<li>wysy\u0142aj\u0105c na adres korespondencyjny:<br \/>\nAmbient System sp. z o.o., ul. Bysewska 27, 80- 298 Gda\u0144sk<\/li>\n<\/ul>\n<\/div><\/section>\n","protected":false},"excerpt":{"rendered":"","protected":false},"author":10,"featured_media":0,"parent":0,"menu_order":0,"comment_status":"closed","ping_status":"closed","template":"","meta":{"content-type":"","om_disable_all_campaigns":false,"_uf_show_specific_survey":0,"_uf_disable_surveys":false,"footnotes":""},"class_list":["post-5524","page","type-page","status-publish","hentry"],"yoast_head":"<!-- This site is optimized with the Yoast SEO plugin v27.0 - https:\/\/yoast.com\/product\/yoast-seo-wordpress\/ -->\n<title>Informacja o Ochronie Danych Osobowych - Ambient System<\/title>\n<meta name=\"robots\" content=\"index, follow, max-snippet:-1, max-image-preview:large, max-video-preview:-1\" \/>\n<link rel=\"canonical\" href=\"https:\/\/panel.ambientsystem.eu\/pl\/informacja-o-ochronie-danych-osobowych\/\" \/>\n<meta property=\"og:locale\" content=\"pl_PL\" \/>\n<meta property=\"og:type\" content=\"article\" \/>\n<meta property=\"og:title\" content=\"Informacja o Ochronie Danych Osobowych - Ambient System\" \/>\n<meta property=\"og:url\" content=\"https:\/\/panel.ambientsystem.eu\/pl\/informacja-o-ochronie-danych-osobowych\/\" \/>\n<meta property=\"og:site_name\" content=\"Ambient System\" \/>\n<meta property=\"article:modified_time\" content=\"2020-06-26T07:17:38+00:00\" \/>\n<meta name=\"twitter:card\" content=\"summary_large_image\" \/>\n<meta name=\"twitter:label1\" content=\"Szacowany czas czytania\" \/>\n\t<meta name=\"twitter:data1\" content=\"5 minut\" \/>\n<script type=\"application\/ld+json\" class=\"yoast-schema-graph\">{\"@context\":\"https:\/\/schema.org\",\"@graph\":[{\"@type\":\"WebPage\",\"@id\":\"https:\/\/panel.ambientsystem.eu\/pl\/informacja-o-ochronie-danych-osobowych\/\",\"url\":\"https:\/\/panel.ambientsystem.eu\/pl\/informacja-o-ochronie-danych-osobowych\/\",\"name\":\"Informacja o Ochronie Danych Osobowych - Ambient System\",\"isPartOf\":{\"@id\":\"https:\/\/panel.ambientsystem.eu\/pl\/#website\"},\"datePublished\":\"2018-05-28T09:58:42+00:00\",\"dateModified\":\"2020-06-26T07:17:38+00:00\",\"breadcrumb\":{\"@id\":\"https:\/\/panel.ambientsystem.eu\/pl\/informacja-o-ochronie-danych-osobowych\/#breadcrumb\"},\"inLanguage\":\"pl-PL\",\"potentialAction\":[{\"@type\":\"ReadAction\",\"target\":[\"https:\/\/panel.ambientsystem.eu\/pl\/informacja-o-ochronie-danych-osobowych\/\"]}]},{\"@type\":\"BreadcrumbList\",\"@id\":\"https:\/\/panel.ambientsystem.eu\/pl\/informacja-o-ochronie-danych-osobowych\/#breadcrumb\",\"itemListElement\":[{\"@type\":\"ListItem\",\"position\":1,\"name\":\"Strona g\u0142\u00f3wna\",\"item\":\"https:\/\/panel.ambientsystem.eu\/pl\/\"},{\"@type\":\"ListItem\",\"position\":2,\"name\":\"Informacja o Ochronie Danych Osobowych\"}]},{\"@type\":\"WebSite\",\"@id\":\"https:\/\/panel.ambientsystem.eu\/pl\/#website\",\"url\":\"https:\/\/panel.ambientsystem.eu\/pl\/\",\"name\":\"Ambient System\",\"description\":\"Dostawca Zintegrowanego Systemu Komunikacyjnego\",\"potentialAction\":[{\"@type\":\"SearchAction\",\"target\":{\"@type\":\"EntryPoint\",\"urlTemplate\":\"https:\/\/panel.ambientsystem.eu\/pl\/?s={search_term_string}\"},\"query-input\":{\"@type\":\"PropertyValueSpecification\",\"valueRequired\":true,\"valueName\":\"search_term_string\"}}],\"inLanguage\":\"pl-PL\"}]}<\/script>\n<!-- \/ Yoast SEO plugin. -->","yoast_head_json":{"title":"Informacja o Ochronie Danych Osobowych - Ambient System","robots":{"index":"index","follow":"follow","max-snippet":"max-snippet:-1","max-image-preview":"max-image-preview:large","max-video-preview":"max-video-preview:-1"},"canonical":"https:\/\/panel.ambientsystem.eu\/pl\/informacja-o-ochronie-danych-osobowych\/","og_locale":"pl_PL","og_type":"article","og_title":"Informacja o Ochronie Danych Osobowych - Ambient System","og_url":"https:\/\/panel.ambientsystem.eu\/pl\/informacja-o-ochronie-danych-osobowych\/","og_site_name":"Ambient System","article_modified_time":"2020-06-26T07:17:38+00:00","twitter_card":"summary_large_image","twitter_misc":{"Szacowany czas czytania":"5 minut"},"schema":{"@context":"https:\/\/schema.org","@graph":[{"@type":"WebPage","@id":"https:\/\/panel.ambientsystem.eu\/pl\/informacja-o-ochronie-danych-osobowych\/","url":"https:\/\/panel.ambientsystem.eu\/pl\/informacja-o-ochronie-danych-osobowych\/","name":"Informacja o Ochronie Danych Osobowych - Ambient System","isPartOf":{"@id":"https:\/\/panel.ambientsystem.eu\/pl\/#website"},"datePublished":"2018-05-28T09:58:42+00:00","dateModified":"2020-06-26T07:17:38+00:00","breadcrumb":{"@id":"https:\/\/panel.ambientsystem.eu\/pl\/informacja-o-ochronie-danych-osobowych\/#breadcrumb"},"inLanguage":"pl-PL","potentialAction":[{"@type":"ReadAction","target":["https:\/\/panel.ambientsystem.eu\/pl\/informacja-o-ochronie-danych-osobowych\/"]}]},{"@type":"BreadcrumbList","@id":"https:\/\/panel.ambientsystem.eu\/pl\/informacja-o-ochronie-danych-osobowych\/#breadcrumb","itemListElement":[{"@type":"ListItem","position":1,"name":"Strona g\u0142\u00f3wna","item":"https:\/\/panel.ambientsystem.eu\/pl\/"},{"@type":"ListItem","position":2,"name":"Informacja o Ochronie Danych Osobowych"}]},{"@type":"WebSite","@id":"https:\/\/panel.ambientsystem.eu\/pl\/#website","url":"https:\/\/panel.ambientsystem.eu\/pl\/","name":"Ambient System","description":"Dostawca Zintegrowanego Systemu Komunikacyjnego","potentialAction":[{"@type":"SearchAction","target":{"@type":"EntryPoint","urlTemplate":"https:\/\/panel.ambientsystem.eu\/pl\/?s={search_term_string}"},"query-input":{"@type":"PropertyValueSpecification","valueRequired":true,"valueName":"search_term_string"}}],"inLanguage":"pl-PL"}]}},"_links":{"self":[{"href":"https:\/\/panel.ambientsystem.eu\/pl\/wp-json\/wp\/v2\/pages\/5524","targetHints":{"allow":["GET"]}}],"collection":[{"href":"https:\/\/panel.ambientsystem.eu\/pl\/wp-json\/wp\/v2\/pages"}],"about":[{"href":"https:\/\/panel.ambientsystem.eu\/pl\/wp-json\/wp\/v2\/types\/page"}],"author":[{"embeddable":true,"href":"https:\/\/panel.ambientsystem.eu\/pl\/wp-json\/wp\/v2\/users\/10"}],"replies":[{"embeddable":true,"href":"https:\/\/panel.ambientsystem.eu\/pl\/wp-json\/wp\/v2\/comments?post=5524"}],"version-history":[{"count":3,"href":"https:\/\/panel.ambientsystem.eu\/pl\/wp-json\/wp\/v2\/pages\/5524\/revisions"}],"predecessor-version":[{"id":5687,"href":"https:\/\/panel.ambientsystem.eu\/pl\/wp-json\/wp\/v2\/pages\/5524\/revisions\/5687"}],"wp:attachment":[{"href":"https:\/\/panel.ambientsystem.eu\/pl\/wp-json\/wp\/v2\/media?parent=5524"}],"curies":[{"name":"wp","href":"https:\/\/api.w.org\/{rel}","templated":true}]}}