{"id":5138,"date":"2018-06-11T11:21:50","date_gmt":"2018-06-11T11:21:50","guid":{"rendered":"https:\/\/ambientsystem.eu\/?page_id=5138"},"modified":"2024-11-06T10:59:28","modified_gmt":"2024-11-06T10:59:28","slug":"lotniska","status":"publish","type":"page","link":"https:\/\/panel.ambientsystem.eu\/pl\/lotniska\/","title":{"rendered":"LOTNISKA"},"content":{"rendered":"<div id='full_slider_1'  class='avia-fullwidth-slider main_color avia-shadow   avia-builder-el-0  el_before_av_section  avia-builder-el-first   container_wrap fullsize'  >\n<style type=\"text\/css\" data-created_by=\"avia_inline_auto\" id=\"style-css-av-ntoiw2-2eedc3ace3a082316fc00fbf052018c0\">\n#top #wrap_all .avia-slideshow .av-slideshow-caption.av-ntoiw2-2eedc3ace3a082316fc00fbf052018c0__0 .avia-caption-title{\nfont-size:70px;\n}\n<\/style>\n<div  class='avia-slideshow av-ntoiw2-2eedc3ace3a082316fc00fbf052018c0 avia-slideshow-featured av_slideshow_full avia-slide-slider av-slideshow-ui av-control-default av-slideshow-manual av-loop-once av-loop-manual-endless av-default-height-applied   avia-slideshow-1' data-slideshow-options=\"{&quot;animation&quot;:&quot;slide&quot;,&quot;autoplay&quot;:false,&quot;loop_autoplay&quot;:&quot;once&quot;,&quot;interval&quot;:5,&quot;loop_manual&quot;:&quot;manual-endless&quot;,&quot;autoplay_stopper&quot;:false,&quot;noNavigation&quot;:false,&quot;bg_slider&quot;:false,&quot;keep_padding&quot;:false,&quot;hoverpause&quot;:false,&quot;show_slide_delay&quot;:0}\"  itemprop=\"image\" itemscope=\"itemscope\" itemtype=\"https:\/\/schema.org\/ImageObject\" ><ul class='avia-slideshow-inner ' style='padding-bottom: 41.9921875%;'><li  class='avia-slideshow-slide av-ntoiw2-2eedc3ace3a082316fc00fbf052018c0__0  av-single-slide slide-1 slide-odd'><div data-rel='slideshow-1' class='avia-slide-wrap '   ><div class='av-slideshow-caption av-ntoiw2-2eedc3ace3a082316fc00fbf052018c0__0 caption_fullwidth caption_center caption_center_framed caption_framed'><div class=\"container caption_container\"><div class=\"slideshow_caption\"><div class=\"slideshow_inner_caption\"><div class=\"slideshow_align_caption\"><h2 class='avia-caption-title '  itemprop=\"name\" >LOTNISKA<\/h2><div class='avia-caption-content '  itemprop=\"description\" ><p>ROZWI\u0104ZANIA DLA PORT\u00d3W LOTNICZYCH<\/p>\n<\/div><\/div><\/div><\/div><\/div><\/div><img decoding=\"async\" class=\"wp-image-478 avia-img-lazy-loading-not-478\"  src=\"https:\/\/panel.ambientsystem.eu\/wp-content\/uploads\/2015\/10\/lotnisko-1024x430.jpg\" width=\"1024\" height=\"430\" title='lotnisko' alt=''  itemprop=\"thumbnailUrl\"   \/><\/div><\/li><\/ul><\/div><\/div>\n<div id='airports'  class='avia-section av-k587xu-961811b11f5e05c6bf9821254b94cbe7 main_color avia-section-default avia-no-shadow  avia-builder-el-1  el_after_av_slideshow_full  avia-builder-el-last  avia-bg-style-scroll container_wrap fullsize'  ><div class='container av-section-cont-open' ><div class='template-page content  av-content-full alpha units'><div class='post-entry post-entry-type-page post-entry-5138'><div class='entry-content-wrapper clearfix'>\n\n<style type=\"text\/css\" data-created_by=\"avia_inline_auto\" id=\"style-css-av-ljy3k9ov-696ab0c59e8e0831b2ee475564c6fc82\">\n#top .hr.hr-invisible.av-ljy3k9ov-696ab0c59e8e0831b2ee475564c6fc82{\nheight:50px;\n}\n<\/style>\n<div  class='hr av-ljy3k9ov-696ab0c59e8e0831b2ee475564c6fc82 hr-invisible  avia-builder-el-2  el_before_av_one_half  avia-builder-el-first '><span class='hr-inner '><span class=\"hr-inner-style\"><\/span><\/span><\/div>\n\n<style type=\"text\/css\" data-created_by=\"avia_inline_auto\" id=\"style-css-av-j21wc2-ea148befff27cc3be18d6764f9024b39\">\n.flex_column.av-j21wc2-ea148befff27cc3be18d6764f9024b39{\n-webkit-border-radius:0px 0px 0px 0px;\n-moz-border-radius:0px 0px 0px 0px;\nborder-radius:0px 0px 0px 0px;\npadding:0px 0px 0px 0px;\n}\n<\/style>\n<div class='flex_column av-j21wc2-ea148befff27cc3be18d6764f9024b39 av_one_half  avia-builder-el-3  el_after_av_hr  el_before_av_one_half  first flex_column_div av-zero-column-padding '     ><p>\n<style type=\"text\/css\" data-created_by=\"avia_inline_auto\" id=\"style-css-av-30bac2-c63400cc9b34b5d888c7cf933ac4c5e8\">\n#top .av-special-heading.av-30bac2-c63400cc9b34b5d888c7cf933ac4c5e8{\npadding-bottom:10px;\n}\nbody .av-special-heading.av-30bac2-c63400cc9b34b5d888c7cf933ac4c5e8 .av-special-heading-tag .heading-char{\nfont-size:25px;\n}\n.av-special-heading.av-30bac2-c63400cc9b34b5d888c7cf933ac4c5e8 .av-subheading{\nfont-size:15px;\n}\n<\/style>\n<div  class='av-special-heading av-30bac2-c63400cc9b34b5d888c7cf933ac4c5e8 av-special-heading-h2 blockquote modern-quote  avia-builder-el-4  el_before_av_hr  avia-builder-el-first '><h2 class='av-special-heading-tag'  itemprop=\"headline\"  >ROZWI\u0104ZANIA DLA PORT\u00d3W LOTNICZYCH<\/h2><div class=\"special-heading-border\"><div class=\"special-heading-inner-border\"><\/div><\/div><\/div><br \/>\n<div  class='hr av-fdnqjm-a56bd13e72215ce0579ca952681cd5b6 hr-default  avia-builder-el-5  el_after_av_heading  el_before_av_image '><span class='hr-inner '><span class=\"hr-inner-style\"><\/span><\/span><\/div><br \/>\n\n<style type=\"text\/css\" data-created_by=\"avia_inline_auto\" id=\"style-css-av-eti7pu-c91f1d1239ebdc0743a0220a51d25dc2\">\n.avia-image-container.av-eti7pu-c91f1d1239ebdc0743a0220a51d25dc2 img.avia_image{\nbox-shadow:none;\n}\n.avia-image-container.av-eti7pu-c91f1d1239ebdc0743a0220a51d25dc2 .av-image-caption-overlay-center{\ncolor:#ffffff;\n}\n<\/style>\n<div  class='avia-image-container av-eti7pu-c91f1d1239ebdc0743a0220a51d25dc2 av-styling- av-hover-grow avia_animated_image av-animated-when-visible-95 pop-up avia-align-left  avia-builder-el-6  el_after_av_hr  avia-builder-el-last '   itemprop=\"image\" itemscope=\"itemscope\" itemtype=\"https:\/\/schema.org\/ImageObject\" ><div class=\"avia-image-container-inner\"><div class=\"avia-image-overlay-wrap\"><img decoding=\"async\" class='wp-image-36962 avia-img-lazy-loading-not-36962 avia_image ' src=\"https:\/\/panel.ambientsystem.eu\/wp-content\/uploads\/2023\/02\/smartVES_logo-4.svg\" alt='' title='smartVES_logo'  height=\"84\" width=\"300\"  itemprop=\"thumbnailUrl\"  \/><\/div><\/div><\/div><\/p><\/div>\n<style type=\"text\/css\" data-created_by=\"avia_inline_auto\" id=\"style-css-av-d7lt4y-5747bb71b889e83545a6e1533d62098e\">\n.flex_column.av-d7lt4y-5747bb71b889e83545a6e1533d62098e{\n-webkit-border-radius:0px 0px 0px 0px;\n-moz-border-radius:0px 0px 0px 0px;\nborder-radius:0px 0px 0px 0px;\npadding:0px 0px 0px 0px;\n}\n<\/style>\n<div class='flex_column av-d7lt4y-5747bb71b889e83545a6e1533d62098e av_one_half  avia-builder-el-7  el_after_av_one_half  el_before_av_hr  flex_column_div av-zero-column-padding '     ><section  class='av_textblock_section av-ax2242-d06b792b0e577096fcd3a814bba8ead4'  itemscope=\"itemscope\" itemtype=\"https:\/\/schema.org\/CreativeWork\" ><div class='avia_textblock'  itemprop=\"text\" ><p>G\u0142\u00f3wnym zadaniem D\u017awi\u0119kowego Systemu Ostrzegawczego jest realizacja zasadniczych funkcji ewakuacji i informowania os\u00f3b przebywaj\u0105cych w obiekcie o zagro\u017ceniu, w spos\u00f3b automatyczny po otrzymaniu sygna\u0142\u00f3w z systemu sygnalizacji po\u017carowej (SSP) lub w spos\u00f3b r\u0119czny przy u\u017cyciu mikrofon stra\u017caka. D\u017awi\u0119kowy System Ostrzegawczy obejmuje swoim zakresem ca\u0142y obiekt, tj. wszystkie pomieszczenia, w kt\u00f3rych przewiduje si\u0119 przebywanie os\u00f3b.<\/p>\n<p>Nale\u017cy zwr\u00f3ci\u0107 uwag\u0119, \u017ce system <a href=\"http:\/\/panel.ambientsystem.eu\/pl\/smartves\">DSO smartVES<\/a>, mo\u017ce by\u0107 z powodzeniem wykorzystywany do wykonywania funkcji niezwi\u0105zanych z ostrzeganiem o niebezpiecze\u0144stwie. W stanie normalnym centrala DSO umo\u017cliwia realizacj\u0119 fakultatywnych funkcji nag\u0142o\u015bnienia obiektu jak nadawanie t\u0142a muzycznego czy rozg\u0142aszanie komunikat\u00f3w informacyjnych za po\u015brednictwem np. mikrofonu strefowego lub innych pod\u0142\u0105czonych do systemu zewn\u0119trznych \u017ar\u00f3de\u0142 d\u017awi\u0119ku.<\/p>\n<ul>\n<li>Mikrofony strefowe ABT-DMS, zainstalowane w punktach informacyjnych i strefach odpraw (GATE-ach), umo\u017cliwiaj\u0105 nadawanie komunikat\u00f3w przez obs\u0142ug\u0119 lotniska i przekazywanie informacji pasa\u017cerom czekaj\u0105cym na odpraw\u0119. Do 263 mikrofon\u00f3w w systemie z powodzeniem wystarcza do aplikacji przewidzianych dla najwi\u0119kszych port\u00f3w lotniczych. Komunikacja odbywa si\u0119 po protokole TCP\/IP, dlatego przy wykorzystaniu switchy ethernetowych przy\u0142\u0105czenie du\u017cej ilo\u015bci mikrofon\u00f3w jest bardzo proste.<\/li>\n<\/ul>\n<ul>\n<li>Wbudowany procesor DSP umo\u017cliwiaj\u0105cy korekcj\u0119 sygna\u0142\u00f3w audio na ka\u017cdym wej\u015bciu i wyj\u015bciu systemu, jak r\u00f3wnie\u017c zastosowanie kolumn g\u0142o\u015bnikowych ABT-LA wyr\u00f3wnanych liniowo, zapewniaj\u0105cych znacznie dalszy zasi\u0119g przy jednoczesnym zachowaniu wysokiej r\u00f3wnomierno\u015bci poziomu d\u017awi\u0119ku w nag\u0142a\u015bnianym obszarze, gwarantuj\u0105 uzyskanie najlepszej zrozumia\u0142o\u015bci nadawanych komunikat\u00f3w w pomieszczeniach o niekorzystnej akustyce, takich jak rozleg\u0142e hale przylot\u00f3w i odlot\u00f3w.<\/li>\n<\/ul>\n<\/div><\/section><\/div>\n<style type=\"text\/css\" data-created_by=\"avia_inline_auto\" id=\"style-css-av-32z3eq-1243d39cc68153dfa2bcfeee85742fd2\">\n#top .hr.hr-invisible.av-32z3eq-1243d39cc68153dfa2bcfeee85742fd2{\nheight:50px;\n}\n<\/style>\n<div  class='hr av-32z3eq-1243d39cc68153dfa2bcfeee85742fd2 hr-invisible  avia-builder-el-9  el_after_av_one_half  avia-builder-el-last '><span class='hr-inner '><span class=\"hr-inner-style\"><\/span><\/span><\/div>\n\n","protected":false},"excerpt":{"rendered":"","protected":false},"author":420,"featured_media":0,"parent":0,"menu_order":0,"comment_status":"closed","ping_status":"closed","template":"","meta":{"content-type":"","om_disable_all_campaigns":false,"_uf_show_specific_survey":0,"_uf_disable_surveys":false,"footnotes":""},"class_list":["post-5138","page","type-page","status-publish","hentry"],"yoast_head":"<!-- This site is optimized with the Yoast SEO plugin v27.0 - https:\/\/yoast.com\/product\/yoast-seo-wordpress\/ -->\n<title>LOTNISKA - Ambient System<\/title>\n<meta name=\"description\" content=\"D\u017awi\u0119kowy System Ostrzegawczy obejmuje swoim zakresem ca\u0142y obiekt, tj. wszystkie pomieszczenia, w kt\u00f3rych przewiduje si\u0119 przebywanie os\u00f3b.\" \/>\n<meta name=\"robots\" content=\"index, follow, max-snippet:-1, max-image-preview:large, max-video-preview:-1\" \/>\n<link rel=\"canonical\" href=\"https:\/\/panel.ambientsystem.eu\/pl\/lotniska\/\" \/>\n<meta property=\"og:locale\" content=\"pl_PL\" \/>\n<meta property=\"og:type\" content=\"article\" \/>\n<meta property=\"og:title\" content=\"LOTNISKA - Ambient System\" \/>\n<meta property=\"og:description\" content=\"D\u017awi\u0119kowy System Ostrzegawczy obejmuje swoim zakresem ca\u0142y obiekt, tj. wszystkie pomieszczenia, w kt\u00f3rych przewiduje si\u0119 przebywanie os\u00f3b.\" \/>\n<meta property=\"og:url\" content=\"https:\/\/panel.ambientsystem.eu\/pl\/lotniska\/\" \/>\n<meta property=\"og:site_name\" content=\"Ambient System\" \/>\n<meta property=\"article:modified_time\" content=\"2024-11-06T10:59:28+00:00\" \/>\n<meta name=\"twitter:card\" content=\"summary_large_image\" \/>\n<meta name=\"twitter:label1\" content=\"Szacowany czas czytania\" \/>\n\t<meta name=\"twitter:data1\" content=\"2 minuty\" \/>\n<script type=\"application\/ld+json\" class=\"yoast-schema-graph\">{\"@context\":\"https:\/\/schema.org\",\"@graph\":[{\"@type\":\"WebPage\",\"@id\":\"https:\/\/panel.ambientsystem.eu\/pl\/lotniska\/\",\"url\":\"https:\/\/panel.ambientsystem.eu\/pl\/lotniska\/\",\"name\":\"LOTNISKA - Ambient System\",\"isPartOf\":{\"@id\":\"https:\/\/panel.ambientsystem.eu\/pl\/#website\"},\"datePublished\":\"2018-06-11T11:21:50+00:00\",\"dateModified\":\"2024-11-06T10:59:28+00:00\",\"description\":\"D\u017awi\u0119kowy System Ostrzegawczy obejmuje swoim zakresem ca\u0142y obiekt, tj. wszystkie pomieszczenia, w kt\u00f3rych przewiduje si\u0119 przebywanie os\u00f3b.\",\"breadcrumb\":{\"@id\":\"https:\/\/panel.ambientsystem.eu\/pl\/lotniska\/#breadcrumb\"},\"inLanguage\":\"pl-PL\",\"potentialAction\":[{\"@type\":\"ReadAction\",\"target\":[\"https:\/\/panel.ambientsystem.eu\/pl\/lotniska\/\"]}]},{\"@type\":\"BreadcrumbList\",\"@id\":\"https:\/\/panel.ambientsystem.eu\/pl\/lotniska\/#breadcrumb\",\"itemListElement\":[{\"@type\":\"ListItem\",\"position\":1,\"name\":\"Strona g\u0142\u00f3wna\",\"item\":\"https:\/\/panel.ambientsystem.eu\/pl\/\"},{\"@type\":\"ListItem\",\"position\":2,\"name\":\"LOTNISKA\"}]},{\"@type\":\"WebSite\",\"@id\":\"https:\/\/panel.ambientsystem.eu\/pl\/#website\",\"url\":\"https:\/\/panel.ambientsystem.eu\/pl\/\",\"name\":\"Ambient System\",\"description\":\"Dostawca Zintegrowanego Systemu Komunikacyjnego\",\"potentialAction\":[{\"@type\":\"SearchAction\",\"target\":{\"@type\":\"EntryPoint\",\"urlTemplate\":\"https:\/\/panel.ambientsystem.eu\/pl\/?s={search_term_string}\"},\"query-input\":{\"@type\":\"PropertyValueSpecification\",\"valueRequired\":true,\"valueName\":\"search_term_string\"}}],\"inLanguage\":\"pl-PL\"}]}<\/script>\n<!-- \/ Yoast SEO plugin. -->","yoast_head_json":{"title":"LOTNISKA - Ambient System","description":"D\u017awi\u0119kowy System Ostrzegawczy obejmuje swoim zakresem ca\u0142y obiekt, tj. wszystkie pomieszczenia, w kt\u00f3rych przewiduje si\u0119 przebywanie os\u00f3b.","robots":{"index":"index","follow":"follow","max-snippet":"max-snippet:-1","max-image-preview":"max-image-preview:large","max-video-preview":"max-video-preview:-1"},"canonical":"https:\/\/panel.ambientsystem.eu\/pl\/lotniska\/","og_locale":"pl_PL","og_type":"article","og_title":"LOTNISKA - Ambient System","og_description":"D\u017awi\u0119kowy System Ostrzegawczy obejmuje swoim zakresem ca\u0142y obiekt, tj. wszystkie pomieszczenia, w kt\u00f3rych przewiduje si\u0119 przebywanie os\u00f3b.","og_url":"https:\/\/panel.ambientsystem.eu\/pl\/lotniska\/","og_site_name":"Ambient System","article_modified_time":"2024-11-06T10:59:28+00:00","twitter_card":"summary_large_image","twitter_misc":{"Szacowany czas czytania":"2 minuty"},"schema":{"@context":"https:\/\/schema.org","@graph":[{"@type":"WebPage","@id":"https:\/\/panel.ambientsystem.eu\/pl\/lotniska\/","url":"https:\/\/panel.ambientsystem.eu\/pl\/lotniska\/","name":"LOTNISKA - Ambient System","isPartOf":{"@id":"https:\/\/panel.ambientsystem.eu\/pl\/#website"},"datePublished":"2018-06-11T11:21:50+00:00","dateModified":"2024-11-06T10:59:28+00:00","description":"D\u017awi\u0119kowy System Ostrzegawczy obejmuje swoim zakresem ca\u0142y obiekt, tj. wszystkie pomieszczenia, w kt\u00f3rych przewiduje si\u0119 przebywanie os\u00f3b.","breadcrumb":{"@id":"https:\/\/panel.ambientsystem.eu\/pl\/lotniska\/#breadcrumb"},"inLanguage":"pl-PL","potentialAction":[{"@type":"ReadAction","target":["https:\/\/panel.ambientsystem.eu\/pl\/lotniska\/"]}]},{"@type":"BreadcrumbList","@id":"https:\/\/panel.ambientsystem.eu\/pl\/lotniska\/#breadcrumb","itemListElement":[{"@type":"ListItem","position":1,"name":"Strona g\u0142\u00f3wna","item":"https:\/\/panel.ambientsystem.eu\/pl\/"},{"@type":"ListItem","position":2,"name":"LOTNISKA"}]},{"@type":"WebSite","@id":"https:\/\/panel.ambientsystem.eu\/pl\/#website","url":"https:\/\/panel.ambientsystem.eu\/pl\/","name":"Ambient System","description":"Dostawca Zintegrowanego Systemu Komunikacyjnego","potentialAction":[{"@type":"SearchAction","target":{"@type":"EntryPoint","urlTemplate":"https:\/\/panel.ambientsystem.eu\/pl\/?s={search_term_string}"},"query-input":{"@type":"PropertyValueSpecification","valueRequired":true,"valueName":"search_term_string"}}],"inLanguage":"pl-PL"}]}},"_links":{"self":[{"href":"https:\/\/panel.ambientsystem.eu\/pl\/wp-json\/wp\/v2\/pages\/5138","targetHints":{"allow":["GET"]}}],"collection":[{"href":"https:\/\/panel.ambientsystem.eu\/pl\/wp-json\/wp\/v2\/pages"}],"about":[{"href":"https:\/\/panel.ambientsystem.eu\/pl\/wp-json\/wp\/v2\/types\/page"}],"author":[{"embeddable":true,"href":"https:\/\/panel.ambientsystem.eu\/pl\/wp-json\/wp\/v2\/users\/420"}],"replies":[{"embeddable":true,"href":"https:\/\/panel.ambientsystem.eu\/pl\/wp-json\/wp\/v2\/comments?post=5138"}],"version-history":[{"count":7,"href":"https:\/\/panel.ambientsystem.eu\/pl\/wp-json\/wp\/v2\/pages\/5138\/revisions"}],"predecessor-version":[{"id":48445,"href":"https:\/\/panel.ambientsystem.eu\/pl\/wp-json\/wp\/v2\/pages\/5138\/revisions\/48445"}],"wp:attachment":[{"href":"https:\/\/panel.ambientsystem.eu\/pl\/wp-json\/wp\/v2\/media?parent=5138"}],"curies":[{"name":"wp","href":"https:\/\/api.w.org\/{rel}","templated":true}]}}