{"id":1379,"date":"2016-04-22T21:26:30","date_gmt":"2016-04-22T21:26:30","guid":{"rendered":"http:\/\/ambientsystem.eu\/pl\/?page_id=1379"},"modified":"2023-12-14T08:35:45","modified_gmt":"2023-12-14T08:35:45","slug":"symulacje-i-adaptacje-akustyczne","status":"publish","type":"page","link":"https:\/\/panel.ambientsystem.eu\/pl\/symulacje-i-adaptacje-akustyczne\/","title":{"rendered":"SYMULACJE I ADAPTACJE AKUSTYCZNE"},"content":{"rendered":"\n<style type=\"text\/css\" data-created_by=\"avia_inline_auto\" id=\"style-css-av-mgw6oj-ce476ea938d8ad08dc21a0d8bc565afb\">\n#top .av-special-heading.av-mgw6oj-ce476ea938d8ad08dc21a0d8bc565afb{\npadding-bottom:0;\nfont-size:41px;\n}\nbody .av-special-heading.av-mgw6oj-ce476ea938d8ad08dc21a0d8bc565afb .av-special-heading-tag .heading-char{\nfont-size:25px;\n}\n#top #wrap_all .av-special-heading.av-mgw6oj-ce476ea938d8ad08dc21a0d8bc565afb .av-special-heading-tag{\nfont-size:41px;\n}\n.av-special-heading.av-mgw6oj-ce476ea938d8ad08dc21a0d8bc565afb .av-subheading{\nfont-size:20px;\n}\n\n@media only screen and (min-width: 480px) and (max-width: 767px){ \n#top #wrap_all .av-special-heading.av-mgw6oj-ce476ea938d8ad08dc21a0d8bc565afb .av-special-heading-tag{\nfont-size:0.8em;\n}\n}\n\n@media only screen and (max-width: 479px){ \n#top #wrap_all .av-special-heading.av-mgw6oj-ce476ea938d8ad08dc21a0d8bc565afb .av-special-heading-tag{\nfont-size:0.8em;\n}\n}\n<\/style>\n<div  class='av-special-heading av-mgw6oj-ce476ea938d8ad08dc21a0d8bc565afb av-special-heading-h1 blockquote modern-quote modern-centered  avia-builder-el-0  el_before_av_slideshow_full  avia-builder-el-no-sibling  av-inherit-size'><h1 class='av-special-heading-tag'  itemprop=\"headline\"  >SYMULACJE I ADAPTACJE AKUSTYCZNE<\/h1><div class=\"special-heading-border\"><div class=\"special-heading-inner-border\"><\/div><\/div><\/div>\n<\/div><\/div><\/div><!-- close content main div --><\/div><\/div><div id='full_slider_1'  class='avia-fullwidth-slider main_color avia-shadow   avia-builder-el-1  el_after_av_heading  el_before_av_section   slider-not-first container_wrap fullsize'  ><div  class='avia-slideshow av-20trs3-ee3b9bf4573a954cf5eac0171bdb9c7b avia-slideshow-featured av_slideshow_full avia-slide-slider av-slideshow-ui av-control-default av-slideshow-manual av-loop-once av-loop-manual-endless av-default-height-applied   avia-slideshow-1' data-slideshow-options=\"{&quot;animation&quot;:&quot;slide&quot;,&quot;autoplay&quot;:false,&quot;loop_autoplay&quot;:&quot;once&quot;,&quot;interval&quot;:5,&quot;loop_manual&quot;:&quot;manual-endless&quot;,&quot;autoplay_stopper&quot;:false,&quot;noNavigation&quot;:false,&quot;bg_slider&quot;:false,&quot;keep_padding&quot;:false,&quot;hoverpause&quot;:false,&quot;show_slide_delay&quot;:0}\"  itemprop=\"image\" itemscope=\"itemscope\" itemtype=\"https:\/\/schema.org\/ImageObject\" ><ul class='avia-slideshow-inner ' style='padding-bottom: 28.666666666667%;'><li  class='avia-slideshow-slide av-20trs3-ee3b9bf4573a954cf5eac0171bdb9c7b__0  av-single-slide slide-1 slide-odd'><div data-rel='slideshow-1' class='avia-slide-wrap '   ><img decoding=\"async\" class=\"wp-image-39980 avia-img-lazy-loading-not-39980\"  src=\"https:\/\/panel.ambientsystem.eu\/wp-content\/uploads\/2023\/07\/symulacje-akustyczne-1500x430.jpg\" width=\"1500\" height=\"430\" title='symulacje-akustyczne' alt=''  itemprop=\"thumbnailUrl\"   \/><\/div><\/li><\/ul><\/div><\/div>\n<div id='airports'  class='avia-section av-1p9yn7-db899c3b5e1d1e7c431b7dc7bc9c9254 main_color avia-section-default avia-no-shadow  avia-builder-el-2  el_after_av_slideshow_full  avia-builder-el-last  avia-bg-style-scroll container_wrap fullsize'  ><div class='container av-section-cont-open' ><div class='template-page content  av-content-full alpha units'><div class='post-entry post-entry-type-page post-entry-1379'><div class='entry-content-wrapper clearfix'>\n\n<style type=\"text\/css\" data-created_by=\"avia_inline_auto\" id=\"style-css-av-fqywqb-661398363f79902d040d66371d1d7168\">\n.flex_column.av-fqywqb-661398363f79902d040d66371d1d7168{\n-webkit-border-radius:0px 0px 0px 0px;\n-moz-border-radius:0px 0px 0px 0px;\nborder-radius:0px 0px 0px 0px;\npadding:0px 0px 0px 0px;\n}\n<\/style>\n<div class='flex_column av-fqywqb-661398363f79902d040d66371d1d7168 av_one_half  avia-builder-el-3  el_before_av_one_half  avia-builder-el-first  first flex_column_div av-zero-column-padding '     ><style type=\"text\/css\" data-created_by=\"avia_inline_auto\" id=\"style-css-av-dx1d77-5a2ae6a8f7f8db552c9120326f059a40\">\n#top .av-special-heading.av-dx1d77-5a2ae6a8f7f8db552c9120326f059a40{\npadding-bottom:10px;\n}\nbody .av-special-heading.av-dx1d77-5a2ae6a8f7f8db552c9120326f059a40 .av-special-heading-tag .heading-char{\nfont-size:25px;\n}\n.av-special-heading.av-dx1d77-5a2ae6a8f7f8db552c9120326f059a40 .av-subheading{\nfont-size:15px;\n}\n<\/style>\n<div  class='av-special-heading av-dx1d77-5a2ae6a8f7f8db552c9120326f059a40 av-special-heading-h2 blockquote modern-quote  avia-builder-el-4  avia-builder-el-no-sibling '><h2 class='av-special-heading-tag'  itemprop=\"headline\"  >SYMULACJE AKUSTYCZNE<\/h2><div class=\"special-heading-border\"><div class=\"special-heading-inner-border\"><\/div><\/div><\/div><\/div>\n<style type=\"text\/css\" data-created_by=\"avia_inline_auto\" id=\"style-css-av-c1jgcj-84b500d87387c26b4989bb6fc8cbc798\">\n.flex_column.av-c1jgcj-84b500d87387c26b4989bb6fc8cbc798{\n-webkit-border-radius:0px 0px 0px 0px;\n-moz-border-radius:0px 0px 0px 0px;\nborder-radius:0px 0px 0px 0px;\npadding:0px 0px 0px 0px;\n}\n<\/style>\n<div class='flex_column av-c1jgcj-84b500d87387c26b4989bb6fc8cbc798 av_one_half  avia-builder-el-5  el_after_av_one_half  el_before_av_hr  flex_column_div av-zero-column-padding '     ><section  class='av_textblock_section av-bb53dv-4e87324bb1659a0c85a7a779add35f4d'  itemscope=\"itemscope\" itemtype=\"https:\/\/schema.org\/CreativeWork\" ><div class='avia_textblock'  itemprop=\"text\" ><p>W\u00a0ramach wsparcia dla Projektant\u00f3w AMBIENT SYSTEM wykonuje darmowe symulacje akustyczne z\u00a0 zastosowaniem modelowania komputerowego.\u00a0 Dzi\u0119ki otrzymywanym wizualizacjom mo\u017cna dobra\u0107 optymalne do danych warunk\u00f3w rozwi\u0105zania zar\u00f3wno w aspekcie technicznym, jak i finansowym. W swojej pracy zesp\u00f3\u0142 wykorzystuje specjalistyczne oprogramowanie takie jak Autocad, EASE 4.3, DDA, DME Designer.<\/p>\n<\/div><\/section><\/div><div  class='hr av-8m9njn-a7eeed8ed895c67d8a9647d434ff722a hr-short  avia-builder-el-7  el_after_av_one_half  el_before_av_one_half  hr-left'><span class='hr-inner '><span class=\"hr-inner-style\"><\/span><\/span><\/div>\n\n<style type=\"text\/css\" data-created_by=\"avia_inline_auto\" id=\"style-css-av-76tdg3-a4203ca262921cd34292ee7cc4860497\">\n.flex_column.av-76tdg3-a4203ca262921cd34292ee7cc4860497{\n-webkit-border-radius:0px 0px 0px 0px;\n-moz-border-radius:0px 0px 0px 0px;\nborder-radius:0px 0px 0px 0px;\npadding:0px 0px 0px 0px;\n}\n<\/style>\n<div class='flex_column av-76tdg3-a4203ca262921cd34292ee7cc4860497 av_one_half  avia-builder-el-8  el_after_av_hr  el_before_av_one_half  first flex_column_div av-zero-column-padding '     ><style type=\"text\/css\" data-created_by=\"avia_inline_auto\" id=\"style-css-av-5kbyoz-64deb7f854b6eb7a705900fb7b65ccbc\">\n#top .av-special-heading.av-5kbyoz-64deb7f854b6eb7a705900fb7b65ccbc{\npadding-bottom:10px;\n}\nbody .av-special-heading.av-5kbyoz-64deb7f854b6eb7a705900fb7b65ccbc .av-special-heading-tag .heading-char{\nfont-size:25px;\n}\n.av-special-heading.av-5kbyoz-64deb7f854b6eb7a705900fb7b65ccbc .av-subheading{\nfont-size:15px;\n}\n<\/style>\n<div  class='av-special-heading av-5kbyoz-64deb7f854b6eb7a705900fb7b65ccbc av-special-heading-h2 blockquote modern-quote  avia-builder-el-9  avia-builder-el-no-sibling '><h2 class='av-special-heading-tag'  itemprop=\"headline\"  >POMIAR I KONTROLA D\u0179WI\u0118KU<\/h2><div class=\"special-heading-border\"><div class=\"special-heading-inner-border\"><\/div><\/div><\/div><\/div>\n<style type=\"text\/css\" data-created_by=\"avia_inline_auto\" id=\"style-css-av-3ovrkj-543bd0e8b90f6d8fdb6af98bf2c688bd\">\n.flex_column.av-3ovrkj-543bd0e8b90f6d8fdb6af98bf2c688bd{\n-webkit-border-radius:0px 0px 0px 0px;\n-moz-border-radius:0px 0px 0px 0px;\nborder-radius:0px 0px 0px 0px;\npadding:0px 0px 0px 0px;\n}\n<\/style>\n<div class='flex_column av-3ovrkj-543bd0e8b90f6d8fdb6af98bf2c688bd av_one_half  avia-builder-el-10  el_after_av_one_half  avia-builder-el-last  flex_column_div av-zero-column-padding '     ><section  class='av_textblock_section av-28rwpf-6599bac42019231e288786abe75b4392'  itemscope=\"itemscope\" itemtype=\"https:\/\/schema.org\/CreativeWork\" ><div class='avia_textblock'  itemprop=\"text\" ><p>Pomiar i kontrola to podstawowe dzia\u0142ania, kt\u00f3re musz\u0105 by\u0107 wykonane aby poprawnie zaprojektowa\u0107 system nag\u0142o\u015bnieniowy (PA, PS czy DSO). AMBIENT SYSTEM dysponuje odpowiednimi narz\u0119dziami (<b>Acoustilyzer, <\/b><strong>Miernik ZM-104A)<\/strong> oraz do\u015bwiadczonymi\u00a0 akustykami, kt\u00f3rzy s\u0105 gwarancj\u0105 rzetelnych wynik\u00f3w.<\/p>\n<\/div><\/section><\/div>\n\n","protected":false},"excerpt":{"rendered":"","protected":false},"author":420,"featured_media":0,"parent":0,"menu_order":0,"comment_status":"closed","ping_status":"closed","template":"","meta":{"content-type":"","om_disable_all_campaigns":false,"_uf_show_specific_survey":0,"_uf_disable_surveys":false,"footnotes":""},"class_list":["post-1379","page","type-page","status-publish","hentry"],"yoast_head":"<!-- This site is optimized with the Yoast SEO plugin v27.0 - https:\/\/yoast.com\/product\/yoast-seo-wordpress\/ -->\n<title>SYMULACJE I ADAPTACJE AKUSTYCZNE - Ambient System<\/title>\n<meta name=\"robots\" content=\"index, follow, max-snippet:-1, max-image-preview:large, max-video-preview:-1\" \/>\n<link rel=\"canonical\" href=\"https:\/\/panel.ambientsystem.eu\/pl\/symulacje-i-adaptacje-akustyczne\/\" \/>\n<meta property=\"og:locale\" content=\"pl_PL\" \/>\n<meta property=\"og:type\" content=\"article\" \/>\n<meta property=\"og:title\" content=\"SYMULACJE I ADAPTACJE AKUSTYCZNE - Ambient System\" \/>\n<meta property=\"og:url\" content=\"https:\/\/panel.ambientsystem.eu\/pl\/symulacje-i-adaptacje-akustyczne\/\" \/>\n<meta property=\"og:site_name\" content=\"Ambient System\" \/>\n<meta property=\"article:modified_time\" content=\"2023-12-14T08:35:45+00:00\" \/>\n<meta name=\"twitter:card\" content=\"summary_large_image\" \/>\n<meta name=\"twitter:label1\" content=\"Szacowany czas czytania\" \/>\n\t<meta name=\"twitter:data1\" content=\"3 minuty\" \/>\n<script type=\"application\/ld+json\" class=\"yoast-schema-graph\">{\"@context\":\"https:\/\/schema.org\",\"@graph\":[{\"@type\":\"WebPage\",\"@id\":\"https:\/\/panel.ambientsystem.eu\/pl\/symulacje-i-adaptacje-akustyczne\/\",\"url\":\"https:\/\/panel.ambientsystem.eu\/pl\/symulacje-i-adaptacje-akustyczne\/\",\"name\":\"SYMULACJE I ADAPTACJE AKUSTYCZNE - Ambient System\",\"isPartOf\":{\"@id\":\"https:\/\/panel.ambientsystem.eu\/pl\/#website\"},\"datePublished\":\"2016-04-22T21:26:30+00:00\",\"dateModified\":\"2023-12-14T08:35:45+00:00\",\"breadcrumb\":{\"@id\":\"https:\/\/panel.ambientsystem.eu\/pl\/symulacje-i-adaptacje-akustyczne\/#breadcrumb\"},\"inLanguage\":\"pl-PL\",\"potentialAction\":[{\"@type\":\"ReadAction\",\"target\":[\"https:\/\/panel.ambientsystem.eu\/pl\/symulacje-i-adaptacje-akustyczne\/\"]}]},{\"@type\":\"BreadcrumbList\",\"@id\":\"https:\/\/panel.ambientsystem.eu\/pl\/symulacje-i-adaptacje-akustyczne\/#breadcrumb\",\"itemListElement\":[{\"@type\":\"ListItem\",\"position\":1,\"name\":\"Strona g\u0142\u00f3wna\",\"item\":\"https:\/\/panel.ambientsystem.eu\/pl\/\"},{\"@type\":\"ListItem\",\"position\":2,\"name\":\"SYMULACJE I ADAPTACJE AKUSTYCZNE\"}]},{\"@type\":\"WebSite\",\"@id\":\"https:\/\/panel.ambientsystem.eu\/pl\/#website\",\"url\":\"https:\/\/panel.ambientsystem.eu\/pl\/\",\"name\":\"Ambient System\",\"description\":\"Dostawca Zintegrowanego Systemu Komunikacyjnego\",\"potentialAction\":[{\"@type\":\"SearchAction\",\"target\":{\"@type\":\"EntryPoint\",\"urlTemplate\":\"https:\/\/panel.ambientsystem.eu\/pl\/?s={search_term_string}\"},\"query-input\":{\"@type\":\"PropertyValueSpecification\",\"valueRequired\":true,\"valueName\":\"search_term_string\"}}],\"inLanguage\":\"pl-PL\"}]}<\/script>\n<!-- \/ Yoast SEO plugin. -->","yoast_head_json":{"title":"SYMULACJE I ADAPTACJE AKUSTYCZNE - Ambient System","robots":{"index":"index","follow":"follow","max-snippet":"max-snippet:-1","max-image-preview":"max-image-preview:large","max-video-preview":"max-video-preview:-1"},"canonical":"https:\/\/panel.ambientsystem.eu\/pl\/symulacje-i-adaptacje-akustyczne\/","og_locale":"pl_PL","og_type":"article","og_title":"SYMULACJE I ADAPTACJE AKUSTYCZNE - Ambient System","og_url":"https:\/\/panel.ambientsystem.eu\/pl\/symulacje-i-adaptacje-akustyczne\/","og_site_name":"Ambient System","article_modified_time":"2023-12-14T08:35:45+00:00","twitter_card":"summary_large_image","twitter_misc":{"Szacowany czas czytania":"3 minuty"},"schema":{"@context":"https:\/\/schema.org","@graph":[{"@type":"WebPage","@id":"https:\/\/panel.ambientsystem.eu\/pl\/symulacje-i-adaptacje-akustyczne\/","url":"https:\/\/panel.ambientsystem.eu\/pl\/symulacje-i-adaptacje-akustyczne\/","name":"SYMULACJE I ADAPTACJE AKUSTYCZNE - Ambient System","isPartOf":{"@id":"https:\/\/panel.ambientsystem.eu\/pl\/#website"},"datePublished":"2016-04-22T21:26:30+00:00","dateModified":"2023-12-14T08:35:45+00:00","breadcrumb":{"@id":"https:\/\/panel.ambientsystem.eu\/pl\/symulacje-i-adaptacje-akustyczne\/#breadcrumb"},"inLanguage":"pl-PL","potentialAction":[{"@type":"ReadAction","target":["https:\/\/panel.ambientsystem.eu\/pl\/symulacje-i-adaptacje-akustyczne\/"]}]},{"@type":"BreadcrumbList","@id":"https:\/\/panel.ambientsystem.eu\/pl\/symulacje-i-adaptacje-akustyczne\/#breadcrumb","itemListElement":[{"@type":"ListItem","position":1,"name":"Strona g\u0142\u00f3wna","item":"https:\/\/panel.ambientsystem.eu\/pl\/"},{"@type":"ListItem","position":2,"name":"SYMULACJE I ADAPTACJE AKUSTYCZNE"}]},{"@type":"WebSite","@id":"https:\/\/panel.ambientsystem.eu\/pl\/#website","url":"https:\/\/panel.ambientsystem.eu\/pl\/","name":"Ambient System","description":"Dostawca Zintegrowanego Systemu Komunikacyjnego","potentialAction":[{"@type":"SearchAction","target":{"@type":"EntryPoint","urlTemplate":"https:\/\/panel.ambientsystem.eu\/pl\/?s={search_term_string}"},"query-input":{"@type":"PropertyValueSpecification","valueRequired":true,"valueName":"search_term_string"}}],"inLanguage":"pl-PL"}]}},"_links":{"self":[{"href":"https:\/\/panel.ambientsystem.eu\/pl\/wp-json\/wp\/v2\/pages\/1379","targetHints":{"allow":["GET"]}}],"collection":[{"href":"https:\/\/panel.ambientsystem.eu\/pl\/wp-json\/wp\/v2\/pages"}],"about":[{"href":"https:\/\/panel.ambientsystem.eu\/pl\/wp-json\/wp\/v2\/types\/page"}],"author":[{"embeddable":true,"href":"https:\/\/panel.ambientsystem.eu\/pl\/wp-json\/wp\/v2\/users\/420"}],"replies":[{"embeddable":true,"href":"https:\/\/panel.ambientsystem.eu\/pl\/wp-json\/wp\/v2\/comments?post=1379"}],"version-history":[{"count":5,"href":"https:\/\/panel.ambientsystem.eu\/pl\/wp-json\/wp\/v2\/pages\/1379\/revisions"}],"predecessor-version":[{"id":48359,"href":"https:\/\/panel.ambientsystem.eu\/pl\/wp-json\/wp\/v2\/pages\/1379\/revisions\/48359"}],"wp:attachment":[{"href":"https:\/\/panel.ambientsystem.eu\/pl\/wp-json\/wp\/v2\/media?parent=1379"}],"curies":[{"name":"wp","href":"https:\/\/api.w.org\/{rel}","templated":true}]}}