{"id":12589,"date":"2019-03-01T12:33:38","date_gmt":"2019-03-01T12:33:38","guid":{"rendered":"https:\/\/ambientsystem.eu\/?page_id=12589"},"modified":"2023-10-24T12:58:27","modified_gmt":"2023-10-24T12:58:27","slug":"strefa-klienta-rejestracja","status":"publish","type":"page","link":"https:\/\/panel.ambientsystem.eu\/pl\/strefa-klienta-rejestracja\/","title":{"rendered":"STREFA KLIENTA REJESTRACJA"},"content":{"rendered":"\n<style type=\"text\/css\" data-created_by=\"avia_inline_auto\" id=\"style-css-av-308vhp-960207caa7ff23d5b1285e118e42e868\">\n#top .av-special-heading.av-308vhp-960207caa7ff23d5b1285e118e42e868{\npadding-bottom:10px;\n}\nbody .av-special-heading.av-308vhp-960207caa7ff23d5b1285e118e42e868 .av-special-heading-tag .heading-char{\nfont-size:25px;\n}\n.av-special-heading.av-308vhp-960207caa7ff23d5b1285e118e42e868 .av-subheading{\nfont-size:15px;\n}\n<\/style>\n<div  class='av-special-heading av-308vhp-960207caa7ff23d5b1285e118e42e868 av-special-heading-h1  avia-builder-el-0  el_before_av_hr  avia-builder-el-first  av-linked-heading'><h1 class='av-special-heading-tag'  itemprop=\"headline\"  >STREFA KLIENTA &#8211; REJESTRACJA<\/h1><div class=\"special-heading-border\"><div class=\"special-heading-inner-border\"><\/div><\/div><\/div>\n\n<style type=\"text\/css\" data-created_by=\"avia_inline_auto\" id=\"style-css-av-lo400k5k-2c0dbabd812fa14558882f763502a24f\">\n#top .hr.hr-invisible.av-lo400k5k-2c0dbabd812fa14558882f763502a24f{\nheight:50px;\n}\n<\/style>\n<div  class='hr av-lo400k5k-2c0dbabd812fa14558882f763502a24f hr-invisible  avia-builder-el-1  el_after_av_heading  el_before_av_one_fifth '><span class='hr-inner '><span class=\"hr-inner-style\"><\/span><\/span><\/div>\n\n<style type=\"text\/css\" data-created_by=\"avia_inline_auto\" id=\"style-css-av-2ssyfh-06425c44ead55eb387079b4dc0d80592\">\n.flex_column.av-2ssyfh-06425c44ead55eb387079b4dc0d80592{\n-webkit-border-radius:0px 0px 0px 0px;\n-moz-border-radius:0px 0px 0px 0px;\nborder-radius:0px 0px 0px 0px;\npadding:0px 0px 0px 0px;\n}\n<\/style>\n<div class='flex_column av-2ssyfh-06425c44ead55eb387079b4dc0d80592 av_one_fifth  avia-builder-el-2  el_after_av_hr  el_before_av_three_fifth  first flex_column_div av-zero-column-padding '     ><\/div>\n\n<style type=\"text\/css\" data-created_by=\"avia_inline_auto\" id=\"style-css-av-t1ual8-3a4ce3d82d193bfc45bd967863fba39f\">\n.flex_column.av-t1ual8-3a4ce3d82d193bfc45bd967863fba39f{\n-webkit-border-radius:0px 0px 0px 0px;\n-moz-border-radius:0px 0px 0px 0px;\nborder-radius:0px 0px 0px 0px;\npadding:0px 0px 0px 0px;\n}\n<\/style>\n<div class='flex_column av-t1ual8-3a4ce3d82d193bfc45bd967863fba39f av_three_fifth  avia-builder-el-3  el_after_av_one_fifth  el_before_av_one_fifth  flex_column_div av-zero-column-padding '     ><p><section  class='av_textblock_section av-jr0i613d-52bedf9be145a0e1cf221937a80e00a6'  itemscope=\"itemscope\" itemtype=\"https:\/\/schema.org\/CreativeWork\" ><div class='avia_textblock'  itemprop=\"text\" >\n<div class=\"wpcf7 no-js\" id=\"wpcf7-f12126-o1\" lang=\"pl-PL\" dir=\"ltr\" data-wpcf7-id=\"12126\">\n<div class=\"screen-reader-response\"><p role=\"status\" aria-live=\"polite\" aria-atomic=\"true\"><\/p> <ul><\/ul><\/div>\n<form action=\"\/pl\/wp-json\/wp\/v2\/pages\/12589#wpcf7-f12126-o1\" method=\"post\" class=\"wpcf7-form init\" aria-label=\"Formularz kontaktowy\" novalidate=\"novalidate\" data-status=\"init\">\n<fieldset class=\"hidden-fields-container\"><input type=\"hidden\" name=\"_wpcf7\" value=\"12126\" \/><input type=\"hidden\" name=\"_wpcf7_version\" value=\"6.1.5\" \/><input type=\"hidden\" name=\"_wpcf7_locale\" value=\"pl_PL\" \/><input type=\"hidden\" name=\"_wpcf7_unit_tag\" value=\"wpcf7-f12126-o1\" \/><input type=\"hidden\" name=\"_wpcf7_container_post\" value=\"0\" \/><input type=\"hidden\" name=\"_wpcf7_posted_data_hash\" value=\"\" \/>\n<\/fieldset>\n<p><span class=\"wpcf7-form-control-wrap\" data-name=\"checkbox-217\"><span class=\"wpcf7-form-control wpcf7-checkbox\"><span class=\"wpcf7-list-item first\"><input type=\"checkbox\" name=\"checkbox-217[]\" value=\"Wykonawca\" \/><span class=\"wpcf7-list-item-label\">Wykonawca<\/span><\/span><span class=\"wpcf7-list-item last\"><input type=\"checkbox\" name=\"checkbox-217[]\" value=\"Projektant\" \/><span class=\"wpcf7-list-item-label\">Projektant<\/span><\/span><\/span><\/span>\n<\/p>\n<p><label> Imi\u0119 i nazwisko<br \/>\n<span class=\"wpcf7-form-control-wrap\" data-name=\"your-name\"><input size=\"40\" maxlength=\"400\" class=\"wpcf7-form-control wpcf7-text wpcf7-validates-as-required\" aria-required=\"true\" aria-invalid=\"false\" value=\"\" type=\"text\" name=\"your-name\" \/><\/span> <\/label>\n<\/p>\n<p><label> Stanowisko<br \/>\n<span class=\"wpcf7-form-control-wrap\" data-name=\"your-stanowisko\"><input size=\"40\" maxlength=\"400\" class=\"wpcf7-form-control wpcf7-text\" aria-invalid=\"false\" value=\"\" type=\"text\" name=\"your-stanowisko\" \/><\/span> <\/label>\n<\/p>\n<p><label> Nazwa Firmy<br \/>\n<span class=\"wpcf7-form-control-wrap\" data-name=\"your-nazwa\"><input size=\"40\" maxlength=\"400\" class=\"wpcf7-form-control wpcf7-text\" aria-invalid=\"false\" value=\"\" type=\"text\" name=\"your-nazwa\" \/><\/span> <\/label>\n<\/p>\n<p><label> Miasto<br \/>\n<span class=\"wpcf7-form-control-wrap\" data-name=\"your-miasto\"><input size=\"40\" maxlength=\"400\" class=\"wpcf7-form-control wpcf7-text\" aria-invalid=\"false\" value=\"\" type=\"text\" name=\"your-miasto\" \/><\/span> <\/label>\n<\/p>\n<p><label> NIP<br \/>\n<span class=\"wpcf7-form-control-wrap\" data-name=\"nip\"><input class=\"wpcf7-form-control wpcf7-number wpcf7-validates-as-number\" aria-invalid=\"false\" value=\"\" type=\"number\" name=\"nip\" \/><\/span> <\/label>\n<\/p>\n<p><label> Adres email<br \/>\n<span class=\"wpcf7-form-control-wrap\" data-name=\"your-email\"><input size=\"40\" maxlength=\"400\" class=\"wpcf7-form-control wpcf7-email wpcf7-validates-as-required wpcf7-text wpcf7-validates-as-email\" aria-required=\"true\" aria-invalid=\"false\" value=\"\" type=\"email\" name=\"your-email\" \/><\/span> <\/label>\n<\/p>\n<p><label> Telefon<br \/>\n<span class=\"wpcf7-form-control-wrap\" data-name=\"Numertelefonu\"><input size=\"40\" maxlength=\"400\" class=\"wpcf7-form-control wpcf7-tel wpcf7-text wpcf7-validates-as-tel\" aria-invalid=\"false\" value=\"\" type=\"tel\" name=\"Numertelefonu\" \/><\/span> <\/label>\n<\/p>\n<p><label> Informacje dodatkowe<br \/>\n<span class=\"wpcf7-form-control-wrap\" data-name=\"Informacjedodatkowe\"><textarea cols=\"40\" rows=\"10\" maxlength=\"2000\" class=\"wpcf7-form-control wpcf7-textarea\" aria-invalid=\"false\" name=\"Informacjedodatkowe\"><\/textarea><\/span> <\/label><br \/>\n<span class=\"wpcf7-form-control-wrap\" data-name=\"marketing\"><span class=\"wpcf7-form-control wpcf7-acceptance optional\"><span class=\"wpcf7-list-item\"><label><input type=\"checkbox\" name=\"marketing\" value=\"1\" aria-invalid=\"false\" \/><span class=\"wpcf7-list-item-label\">Zapozna\u0142em si\u0119 ze \u201e<a href=\"https:\/\/panel.ambientsystem.eu\/wp-content\/uploads\/2022\/02\/zgoda-marketingowa.pdf\" target=\"_blank\" rel=\"noopener\">zgodami marketingowymi<\/a>\u201d i wyra\u017cam zgod\u0119 na przesy\u0142anie informacji handlowych przez Ambient System Sp. z o.o. na wskazany powy\u017cej m\u00f3j adres e-mail.<\/span><\/label><\/span><\/span><\/span><br \/>\n<span class=\"wpcf7-form-control-wrap\" data-name=\"Wyraamzgod\"><span class=\"wpcf7-form-control wpcf7-acceptance\"><span class=\"wpcf7-list-item\"><label><input type=\"checkbox\" name=\"Wyraamzgod\" value=\"1\" aria-invalid=\"false\" \/><span class=\"wpcf7-list-item-label\"><strong><a href=\"https:\/\/panel.ambientsystem.eu\/pl\/informacja-o-ochronie-danych-osobowych\/\"><u><strong>Zgoda na przetwarzanie danych osobowych<\/strong><\/u><\/a><\/strong><\/span><\/label><\/span><\/span><\/span>\n<\/p>\n<p><input class=\"wpcf7-form-control wpcf7-submit has-spinner\" type=\"submit\" value=\"Zarejestruj\" \/>\n<\/p><div class=\"wpcf7-response-output\" aria-hidden=\"true\"><\/div>\n<\/form>\n<\/div>\n\n<\/div><\/section><br \/>\n\n<style type=\"text\/css\" data-created_by=\"avia_inline_auto\" id=\"style-css-av-lo401z8k-ecf10d6629e87a1a38d98cb5defbe94f\">\n#top .hr.hr-invisible.av-lo401z8k-ecf10d6629e87a1a38d98cb5defbe94f{\nheight:15px;\n}\n<\/style>\n<div  class='hr av-lo401z8k-ecf10d6629e87a1a38d98cb5defbe94f hr-invisible  avia-builder-el-5  el_after_av_textblock  avia-builder-el-last '><span class='hr-inner '><span class=\"hr-inner-style\"><\/span><\/span><\/div><\/p><\/div>\n<style type=\"text\/css\" data-created_by=\"avia_inline_auto\" id=\"style-css-av-1y45m0d-af0e6b1c7d6690bc66a05752d26be77a\">\n.flex_column.av-1y45m0d-af0e6b1c7d6690bc66a05752d26be77a{\n-webkit-border-radius:0px 0px 0px 0px;\n-moz-border-radius:0px 0px 0px 0px;\nborder-radius:0px 0px 0px 0px;\npadding:0px 0px 0px 0px;\n}\n<\/style>\n<div class='flex_column av-1y45m0d-af0e6b1c7d6690bc66a05752d26be77a av_one_fifth  avia-builder-el-6  el_after_av_three_fifth  el_before_av_one_fifth  flex_column_div av-zero-column-padding '     ><\/div><\/p>\n\n<style type=\"text\/css\" data-created_by=\"avia_inline_auto\" id=\"style-css-av-t1ual8-5-af94605e109677dbd917fd75941a2aad\">\n.flex_column.av-t1ual8-5-af94605e109677dbd917fd75941a2aad{\n-webkit-border-radius:0px 0px 0px 0px;\n-moz-border-radius:0px 0px 0px 0px;\nborder-radius:0px 0px 0px 0px;\npadding:0px 0px 0px 0px;\n}\n<\/style>\n<div class='flex_column av-t1ual8-5-af94605e109677dbd917fd75941a2aad av_one_fifth  avia-builder-el-7  el_after_av_one_fifth  el_before_av_three_fifth  first flex_column_div av-zero-column-padding column-top-margin'     ><\/div>\n<div class='flex_column av-1lh40ct-9b19b18f68471427dc1d992d69ecc569 av_three_fifth  avia-builder-el-8  el_after_av_one_fifth  el_before_av_one_fifth  flex_column_div column-top-margin'     ><p>\n<style type=\"text\/css\" data-created_by=\"avia_inline_auto\" id=\"style-css-av-lo3zzt04-e9b6c4aad14607fa491ac934d054e3ef\">\n#top .av-special-heading.av-lo3zzt04-e9b6c4aad14607fa491ac934d054e3ef{\npadding-bottom:10px;\n}\nbody .av-special-heading.av-lo3zzt04-e9b6c4aad14607fa491ac934d054e3ef .av-special-heading-tag .heading-char{\nfont-size:25px;\n}\n.av-special-heading.av-lo3zzt04-e9b6c4aad14607fa491ac934d054e3ef .av-subheading{\nfont-size:15px;\n}\n<\/style>\n<div  class='av-special-heading av-lo3zzt04-e9b6c4aad14607fa491ac934d054e3ef av-special-heading-h5  avia-builder-el-9  el_before_av_hr  avia-builder-el-first '><h5 class='av-special-heading-tag'  itemprop=\"headline\"  >WARUNKI REJESTRACJI DO STREFY KLIENTA AMBIENT SYSTEM:<\/h5><div class=\"special-heading-border\"><div class=\"special-heading-inner-border\"><\/div><\/div><\/div><br \/>\n\n<style type=\"text\/css\" data-created_by=\"avia_inline_auto\" id=\"style-css-av-av_hr-35d53d7be2491954ac97ecc375137ffb\">\n#top .hr.hr-invisible.av-av_hr-35d53d7be2491954ac97ecc375137ffb{\nheight:15px;\n}\n<\/style>\n<div  class='hr av-av_hr-35d53d7be2491954ac97ecc375137ffb hr-invisible  avia-builder-el-10  el_after_av_heading  el_before_av_textblock '><span class='hr-inner '><span class=\"hr-inner-style\"><\/span><\/span><\/div><br \/>\n<section  class='av_textblock_section av-lo3zz1pd-5e7025a6c6b010b6d99d73a3290efd5a'  itemscope=\"itemscope\" itemtype=\"https:\/\/schema.org\/CreativeWork\" ><div class='avia_textblock'  itemprop=\"text\" ><ol style=\"font-weight: 400;\">\n<li><strong>Proces rejestracji:<\/strong> Rejestracja w Strefie Klienta na stronie Ambient System jest mo\u017cliwa wy\u0142\u0105cznie poprzez wype\u0142nienie formularza rejestracyjnego dost\u0119pnego na stronie internetowej naszej firmy.<\/li>\n<li><strong>Zgoda na przetwarzanie danych osobowych:<\/strong> Podczas procesu rejestracji konieczne jest wyra\u017cenie zgody na przetwarzanie danych osobowych zgodnie z obowi\u0105zuj\u0105cymi przepisami prawa.<\/li>\n<li><strong>Weryfikacja rejestracji:<\/strong> Ka\u017cda dokonana rejestracja podlega procesowi weryfikacji, kt\u00f3rego maksymalny czas trwania wynosi 5 dni roboczych.<\/li>\n<li><strong>Powiadomienia w sprawie weryfikacji:<\/strong> O wyniku weryfikacji, zar\u00f3wno pozytywnej, jak i negatywnej, informujemy Pa\u0144stwa drog\u0105 mailow\u0105 na adres podany podczas wype\u0142niania formularza rejestracyjnego.<\/li>\n<li><strong>Prawo do negatywnej weryfikacji:<\/strong> Ambient System zastrzega sobie prawo do odmowy pozytywnej weryfikacji bez konieczno\u015bci podawania przyczyny.<\/li>\n<li><strong>Kontakt w innych sprawach:<\/strong> Wszelkie pytania oraz kwestie zwi\u0105zane z dost\u0119pem do Strefy Klienta prosimy kierowa\u0107 na adres mailowy <a href=\"mailto:marketing@ambientsystem.pl\">marketing@ambientsystem.pl<\/a> lub bezpo\u015brednio do <a href=\"https:\/\/panel.ambientsystem.eu\/pl\/kontakt-2\/\">dzia\u0142u handlowego<\/a>.<\/li>\n<\/ol>\n<\/div><\/section><\/p><\/div>\n<style type=\"text\/css\" data-created_by=\"avia_inline_auto\" id=\"style-css-av-18ci4ct-b2ca91a2fa20d45aca23be46302f688c\">\n.flex_column.av-18ci4ct-b2ca91a2fa20d45aca23be46302f688c{\n-webkit-border-radius:0px 0px 0px 0px;\n-moz-border-radius:0px 0px 0px 0px;\nborder-radius:0px 0px 0px 0px;\npadding:0px 0px 0px 0px;\n}\n<\/style>\n<div class='flex_column av-18ci4ct-b2ca91a2fa20d45aca23be46302f688c av_one_fifth  avia-builder-el-12  el_after_av_three_fifth  el_before_av_hr  flex_column_div av-zero-column-padding column-top-margin'     ><\/div><\/p>\n\n<style type=\"text\/css\" data-created_by=\"avia_inline_auto\" id=\"style-css-av-ji2wg83a-b9cfdbc061e91e6d8cf9c714b1945ba7\">\n#top .hr.hr-invisible.av-ji2wg83a-b9cfdbc061e91e6d8cf9c714b1945ba7{\nheight:100px;\n}\n<\/style>\n<div  class='hr av-ji2wg83a-b9cfdbc061e91e6d8cf9c714b1945ba7 hr-invisible  avia-builder-el-13  el_after_av_one_fifth  avia-builder-el-last '><span class='hr-inner '><span class=\"hr-inner-style\"><\/span><\/span><\/div>\n","protected":false},"excerpt":{"rendered":"","protected":false},"author":10,"featured_media":0,"parent":0,"menu_order":1,"comment_status":"closed","ping_status":"closed","template":"","meta":{"content-type":"","om_disable_all_campaigns":false,"_uf_show_specific_survey":0,"_uf_disable_surveys":false,"footnotes":""},"class_list":["post-12589","page","type-page","status-publish","hentry"],"yoast_head":"<!-- This site is optimized with the Yoast SEO plugin v27.0 - https:\/\/yoast.com\/product\/yoast-seo-wordpress\/ -->\n<title>STREFA KLIENTA REJESTRACJA - Ambient System<\/title>\n<meta name=\"robots\" content=\"noindex, nofollow\" \/>\n<meta property=\"og:locale\" content=\"pl_PL\" \/>\n<meta property=\"og:type\" content=\"article\" \/>\n<meta property=\"og:title\" content=\"STREFA KLIENTA REJESTRACJA - Ambient System\" \/>\n<meta property=\"og:url\" content=\"https:\/\/panel.ambientsystem.eu\/pl\/strefa-klienta-rejestracja\/\" \/>\n<meta property=\"og:site_name\" content=\"Ambient System\" \/>\n<meta property=\"article:modified_time\" content=\"2023-10-24T12:58:27+00:00\" \/>\n<meta name=\"twitter:card\" content=\"summary_large_image\" \/>\n<meta name=\"twitter:label1\" content=\"Szacowany czas czytania\" \/>\n\t<meta name=\"twitter:data1\" content=\"4 minuty\" \/>\n<script type=\"application\/ld+json\" class=\"yoast-schema-graph\">{\"@context\":\"https:\/\/schema.org\",\"@graph\":[{\"@type\":\"WebPage\",\"@id\":\"https:\/\/panel.ambientsystem.eu\/pl\/strefa-klienta-rejestracja\/\",\"url\":\"https:\/\/panel.ambientsystem.eu\/pl\/strefa-klienta-rejestracja\/\",\"name\":\"STREFA KLIENTA REJESTRACJA - Ambient System\",\"isPartOf\":{\"@id\":\"https:\/\/panel.ambientsystem.eu\/pl\/#website\"},\"datePublished\":\"2019-03-01T12:33:38+00:00\",\"dateModified\":\"2023-10-24T12:58:27+00:00\",\"breadcrumb\":{\"@id\":\"https:\/\/panel.ambientsystem.eu\/pl\/strefa-klienta-rejestracja\/#breadcrumb\"},\"inLanguage\":\"pl-PL\",\"potentialAction\":[{\"@type\":\"ReadAction\",\"target\":[\"https:\/\/panel.ambientsystem.eu\/pl\/strefa-klienta-rejestracja\/\"]}]},{\"@type\":\"BreadcrumbList\",\"@id\":\"https:\/\/panel.ambientsystem.eu\/pl\/strefa-klienta-rejestracja\/#breadcrumb\",\"itemListElement\":[{\"@type\":\"ListItem\",\"position\":1,\"name\":\"Strona g\u0142\u00f3wna\",\"item\":\"https:\/\/panel.ambientsystem.eu\/pl\/\"},{\"@type\":\"ListItem\",\"position\":2,\"name\":\"STREFA KLIENTA REJESTRACJA\"}]},{\"@type\":\"WebSite\",\"@id\":\"https:\/\/panel.ambientsystem.eu\/pl\/#website\",\"url\":\"https:\/\/panel.ambientsystem.eu\/pl\/\",\"name\":\"Ambient System\",\"description\":\"Dostawca Zintegrowanego Systemu Komunikacyjnego\",\"potentialAction\":[{\"@type\":\"SearchAction\",\"target\":{\"@type\":\"EntryPoint\",\"urlTemplate\":\"https:\/\/panel.ambientsystem.eu\/pl\/?s={search_term_string}\"},\"query-input\":{\"@type\":\"PropertyValueSpecification\",\"valueRequired\":true,\"valueName\":\"search_term_string\"}}],\"inLanguage\":\"pl-PL\"}]}<\/script>\n<!-- \/ Yoast SEO plugin. -->","yoast_head_json":{"title":"STREFA KLIENTA REJESTRACJA - Ambient System","robots":{"index":"noindex","follow":"nofollow"},"og_locale":"pl_PL","og_type":"article","og_title":"STREFA KLIENTA REJESTRACJA - Ambient System","og_url":"https:\/\/panel.ambientsystem.eu\/pl\/strefa-klienta-rejestracja\/","og_site_name":"Ambient System","article_modified_time":"2023-10-24T12:58:27+00:00","twitter_card":"summary_large_image","twitter_misc":{"Szacowany czas czytania":"4 minuty"},"schema":{"@context":"https:\/\/schema.org","@graph":[{"@type":"WebPage","@id":"https:\/\/panel.ambientsystem.eu\/pl\/strefa-klienta-rejestracja\/","url":"https:\/\/panel.ambientsystem.eu\/pl\/strefa-klienta-rejestracja\/","name":"STREFA KLIENTA REJESTRACJA - Ambient System","isPartOf":{"@id":"https:\/\/panel.ambientsystem.eu\/pl\/#website"},"datePublished":"2019-03-01T12:33:38+00:00","dateModified":"2023-10-24T12:58:27+00:00","breadcrumb":{"@id":"https:\/\/panel.ambientsystem.eu\/pl\/strefa-klienta-rejestracja\/#breadcrumb"},"inLanguage":"pl-PL","potentialAction":[{"@type":"ReadAction","target":["https:\/\/panel.ambientsystem.eu\/pl\/strefa-klienta-rejestracja\/"]}]},{"@type":"BreadcrumbList","@id":"https:\/\/panel.ambientsystem.eu\/pl\/strefa-klienta-rejestracja\/#breadcrumb","itemListElement":[{"@type":"ListItem","position":1,"name":"Strona g\u0142\u00f3wna","item":"https:\/\/panel.ambientsystem.eu\/pl\/"},{"@type":"ListItem","position":2,"name":"STREFA KLIENTA REJESTRACJA"}]},{"@type":"WebSite","@id":"https:\/\/panel.ambientsystem.eu\/pl\/#website","url":"https:\/\/panel.ambientsystem.eu\/pl\/","name":"Ambient System","description":"Dostawca Zintegrowanego Systemu Komunikacyjnego","potentialAction":[{"@type":"SearchAction","target":{"@type":"EntryPoint","urlTemplate":"https:\/\/panel.ambientsystem.eu\/pl\/?s={search_term_string}"},"query-input":{"@type":"PropertyValueSpecification","valueRequired":true,"valueName":"search_term_string"}}],"inLanguage":"pl-PL"}]}},"_links":{"self":[{"href":"https:\/\/panel.ambientsystem.eu\/pl\/wp-json\/wp\/v2\/pages\/12589","targetHints":{"allow":["GET"]}}],"collection":[{"href":"https:\/\/panel.ambientsystem.eu\/pl\/wp-json\/wp\/v2\/pages"}],"about":[{"href":"https:\/\/panel.ambientsystem.eu\/pl\/wp-json\/wp\/v2\/types\/page"}],"author":[{"embeddable":true,"href":"https:\/\/panel.ambientsystem.eu\/pl\/wp-json\/wp\/v2\/users\/10"}],"replies":[{"embeddable":true,"href":"https:\/\/panel.ambientsystem.eu\/pl\/wp-json\/wp\/v2\/comments?post=12589"}],"version-history":[{"count":6,"href":"https:\/\/panel.ambientsystem.eu\/pl\/wp-json\/wp\/v2\/pages\/12589\/revisions"}],"predecessor-version":[{"id":55997,"href":"https:\/\/panel.ambientsystem.eu\/pl\/wp-json\/wp\/v2\/pages\/12589\/revisions\/55997"}],"wp:attachment":[{"href":"https:\/\/panel.ambientsystem.eu\/pl\/wp-json\/wp\/v2\/media?parent=12589"}],"curies":[{"name":"wp","href":"https:\/\/api.w.org\/{rel}","templated":true}]}}